{"id":41951,"date":"2026-04-17T11:34:26","date_gmt":"2026-04-17T09:34:26","guid":{"rendered":"https:\/\/verdnatura.es\/?page_id=41951"},"modified":"2026-04-17T14:09:06","modified_gmt":"2026-04-17T12:09:06","slug":"iva-reduit","status":"publish","type":"page","link":"https:\/\/verdnatura.es\/ca\/iva-reduit\/","title":{"rendered":"IVA redu\u00eft"},"content":{"rendered":"<div class=\"fusion-fullwidth fullwidth-box fusion-builder-row-1 fusion-flex-container has-pattern-background has-mask-background nonhundred-percent-fullwidth non-hundred-percent-height-scrolling\" style=\"--awb-border-radius-top-left:0px;--awb-border-radius-top-right:0px;--awb-border-radius-bottom-right:0px;--awb-border-radius-bottom-left:0px;--awb-padding-right:15%;--awb-padding-bottom:15%;--awb-padding-left:15%;--awb-padding-right-small:2%;--awb-padding-left-small:2%;--awb-flex-wrap:wrap;\" ><div class=\"fusion-builder-row fusion-row fusion-flex-align-items-flex-start fusion-flex-justify-content-center fusion-flex-content-wrap\" style=\"max-width:1352px;margin-left: calc(-4% \/ 2 );margin-right: calc(-4% \/ 2 );\"><div class=\"fusion-layout-column fusion_builder_column fusion-builder-column-0 fusion_builder_column_1_1 1_1 fusion-flex-column\" style=\"--awb-bg-size:cover;--awb-width-large:100%;--awb-margin-top-large:0px;--awb-spacing-right-large:1.92%;--awb-margin-bottom-large:0px;--awb-spacing-left-large:1.92%;--awb-width-medium:100%;--awb-order-medium:0;--awb-spacing-right-medium:1.92%;--awb-spacing-left-medium:1.92%;--awb-width-small:100%;--awb-order-small:0;--awb-spacing-right-small:1.92%;--awb-spacing-left-small:1.92%;\"><div class=\"fusion-column-wrapper fusion-column-has-shadow fusion-flex-justify-content-flex-start fusion-content-layout-column\"><div class=\"fusion-text fusion-text-1\"><h1 style=\"text-align: center; margin-top: 40px;\">Justificaci\u00f3 T\u00e8cnica i Jur\u00eddica: Aplicaci\u00f3 del Tipus d&#8217;IVA Redu\u00eft<\/h1>\n<\/div><div class=\"fusion-separator fusion-full-width-sep\" style=\"align-self: center;margin-left: auto;margin-right: auto;margin-top:20px;margin-bottom:20px;width:100%;\"><div class=\"fusion-separator-border sep-single sep-solid\" style=\"--awb-height:20px;--awb-amount:20px;--awb-sep-color:var(--awb-color5);border-color:var(--awb-color5);border-top-width:3px;\"><\/div><\/div><div class=\"fusion-text fusion-text-2\"><p>Aquest document t\u00e9 per objectiu informar els nostres clients sobre els criteris que apliquem per determinar el tipus impositiu de l&#8217;Impost sobre el Valor Afegit (IVA) dels nostres productes, basant-nos estrictament en la legislaci\u00f3 vigent i en interpretacions t\u00e8cniques avalades.<\/p>\n<\/div><div class=\"fusion-separator fusion-full-width-sep\" style=\"align-self: center;margin-left: auto;margin-right: auto;margin-top:20px;margin-bottom:20px;width:100%;\"><div class=\"fusion-separator-border sep-single sep-solid\" style=\"--awb-height:20px;--awb-amount:20px;--awb-sep-color:var(--awb-color5);border-color:var(--awb-color5);border-top-width:3px;\"><\/div><\/div><div class=\"awb-toc-el awb-toc-el--1\" data-awb-toc-id=\"1\" data-awb-toc-options=\"{&quot;allowed_heading_tags&quot;:{&quot;h2&quot;:0},&quot;ignore_headings&quot;:&quot;&quot;,&quot;ignore_headings_words&quot;:&quot;&quot;,&quot;enable_cache&quot;:&quot;yes&quot;,&quot;highlight_current_heading&quot;:&quot;no&quot;,&quot;hide_hidden_titles&quot;:&quot;yes&quot;,&quot;limit_container&quot;:&quot;all&quot;,&quot;select_custom_headings&quot;:&quot;&quot;,&quot;icon&quot;:&quot;fa-angle-right fas&quot;,&quot;counter_type&quot;:&quot;custom_icon&quot;}\" style=\"--awb-margin-right:2%;--awb-margin-left:2%;--awb-item-text-transform:capitalize;--awb-item-color:var(--awb-color6);--awb-item-padding-right:5px;--awb-item-padding-left:5px;\"><div class=\"awb-toc-el__content\"><\/div><\/div><div class=\"fusion-separator fusion-full-width-sep\" style=\"align-self: center;margin-left: auto;margin-right: auto;margin-top:20px;margin-bottom:20px;width:100%;\"><div class=\"fusion-separator-border sep-single sep-solid\" style=\"--awb-height:20px;--awb-amount:20px;--awb-sep-color:var(--awb-color5);border-color:var(--awb-color5);border-top-width:3px;\"><\/div><\/div><div class=\"fusion-text fusion-text-3\"><h2 id=\"marc-normatiu\" style=\"color: #1a1a1a; font-size: 30px; font-weight: bold; margin-bottom: 20px;\">1. Marc Normatiu<\/h2>\n<p>D&#8217;acord amb la Llei 37\/1992 (Llei de l&#8217;IVA), en el seu article 91, apartat 1, punt 8\u00e8, s&#8217;estableix l&#8217;aplicaci\u00f3 del tipus d&#8217;IVA redu\u00eft a:<\/p>\n<p><i>&#8220;Les flors, les plantes vives de car\u00e0cter ornamental, aix\u00ed com les llavors, bulbs, esqueixos i altres productes d&#8217;origen exclusivament vegetal susceptibles de ser utilitzats en la seva obtenci\u00f3.&#8221;<\/i><\/p>\n<\/div><div class=\"fusion-separator fusion-full-width-sep\" style=\"align-self: center;margin-left: auto;margin-right: auto;margin-top:20px;margin-bottom:20px;width:100%;\"><div class=\"fusion-separator-border sep-single sep-solid\" style=\"--awb-height:20px;--awb-amount:20px;--awb-sep-color:var(--awb-color5);border-color:var(--awb-color5);border-top-width:3px;\"><\/div><\/div><div class=\"fusion-text fusion-text-4\"><h2 id=\"interpretacio-productes\" style=\"color: #1a1a1a; font-size: 30px; font-weight: bold; margin-bottom: 20px;\">2. Interpretaci\u00f3 i Categoritzaci\u00f3 de Productes<\/h2>\n<p>A partir d&#8217;informes t\u00e8cnics i jur\u00eddics, detallem l&#8217;aplicaci\u00f3 de l&#8217;impost de la manera seg\u00fcent:<\/p>\n<h3 style=\"color: #1a1a1a; font-size: 24px; font-weight: bold; margin-top: 20px; margin-bottom: 10px;\">A. Flors Naturals<\/h3>\n<p>S&#8217;aplica el tipus redu\u00eft a les flors en qualsevol estat, sempre que mantinguin el seu origen natural.<\/p>\n<ul>\n<li><b>Inclou:<\/b> Flors fresques, tenyides, preservades i seques.<\/li>\n<li><b>Exclou:<\/b> Flors artificials (subjectes al tipus general).<\/li>\n<\/ul>\n<h3 style=\"color: #1a1a1a; font-size: 24px; font-weight: bold; margin-top: 20px; margin-bottom: 10px;\">B. Plantes Vives de Car\u00e0cter Ornamental<\/h3>\n<p>S&#8217;aplica a aquelles on l&#8217;\u00fas principal \u00e9s la decoraci\u00f3. Cal remarcar que altres plantes (culin\u00e0ries o hort\u00edcoles) tamb\u00e9 gaudeixen del tipus redu\u00eft en virtut d&#8217;altres articles de la mateixa Llei.<\/p>\n<ul>\n<li><b>Inclou:<\/b> Plantes ornamentals, molses, l\u00edquens i algues, sempre que estiguin vives.<\/li>\n<li><b>Exclou:<\/b> Plantes seques, preservades i artificials.<\/li>\n<\/ul>\n<h3 style=\"color: #1a1a1a; font-size: 24px; font-weight: bold; margin-top: 20px; margin-bottom: 10px;\">C. Bulbs i Llavors<\/h3>\n<p>Segueixen el mateix criteri que les flors naturals i es beneficien del tipus redu\u00eft per fomentar-ne la producci\u00f3 i el cultiu.<\/p>\n<h3 style=\"color: #1a1a1a; font-size: 24px; font-weight: bold; margin-top: 20px; margin-bottom: 10px;\">D. Esqueixos i Altres Productes Vegetals<\/h3>\n<p>S&#8217;hi inclouen productes d&#8217;origen exclusivament vegetal que permetin l&#8217;obtenci\u00f3 de noves plantes.<\/p>\n<ul>\n<li><b>Inclou:<\/b> Fruits frescos, rizomes, arrels, branques i fulles (a causa de la seva capacitat vegetativa).<\/li>\n<li><b>Exclou:<\/b> Els mateixos elements si estan tenyits, preservats o secs, ja que han perdut les seves propietats per a la reproducci\u00f3 o el creixement.<\/li>\n<\/ul>\n<\/div><div class=\"fusion-separator fusion-full-width-sep\" style=\"align-self: center;margin-left: auto;margin-right: auto;margin-top:20px;margin-bottom:20px;width:100%;\"><div class=\"fusion-separator-border sep-single sep-solid\" style=\"--awb-height:20px;--awb-amount:20px;--awb-sep-color:var(--awb-color5);border-color:var(--awb-color5);border-top-width:3px;\"><\/div><\/div><div class=\"fusion-text fusion-text-5\"><h2 id=\"compromis-transparencia\" style=\"color: #1a1a1a; font-size: 30px; font-weight: bold; margin-bottom: 20px;\">3. Comprom\u00eds de Transpar\u00e8ncia<\/h2>\n<p>Aquesta estructura fiscal \u00e9s la que apliquem actualment en totes les nostres operacions comercials. Si necessiteu algun aclariment addicional o detecteu qualsevol discrep\u00e0ncia, us agrairem que us poseu en contacte amb nosaltres a trav\u00e9s del correu <a style=\"color: #8cc63f; text-decoration: underline;\" href=\"mailto:clientes@verdnatura.es\">clientes@verdnatura.es<\/a>.<\/p>\n<p><b>Nota:<\/b> Aquest document \u00e9s merament informatiu i es basa en la interpretaci\u00f3 actual de la normativa fiscal.<\/p>\n<\/div><\/div><\/div><\/div><\/div>\n","protected":false},"excerpt":{"rendered":"","protected":false},"author":7,"featured_media":0,"parent":0,"menu_order":0,"comment_status":"closed","ping_status":"closed","template":"100-width.php","meta":{"_acf_changed":false,"footnotes":""},"class_list":["post-41951","page","type-page","status-publish","hentry"],"acf":[],"yoast_head":"<!-- This site is optimized with the Yoast SEO plugin v27.1.1 - https:\/\/yoast.com\/product\/yoast-seo-wordpress\/ -->\n<title>IVA redu\u00eft - Verdnatura<\/title>\n<meta name=\"robots\" content=\"index, follow, max-snippet:-1, max-image-preview:large, max-video-preview:-1\" \/>\n<link rel=\"canonical\" href=\"https:\/\/verdnatura.es\/ca\/iva-reduit\/\" \/>\n<meta property=\"og:locale\" content=\"ca_ES\" \/>\n<meta property=\"og:type\" content=\"article\" \/>\n<meta property=\"og:title\" content=\"IVA redu\u00eft - Verdnatura\" \/>\n<meta property=\"og:url\" content=\"https:\/\/verdnatura.es\/ca\/iva-reduit\/\" \/>\n<meta property=\"og:site_name\" content=\"Verdnatura\" \/>\n<meta property=\"article:publisher\" content=\"http:\/\/www.facebook.com\/verdnatura\" \/>\n<meta property=\"article:modified_time\" content=\"2026-04-17T12:09:06+00:00\" \/>\n<meta name=\"twitter:card\" content=\"summary_large_image\" \/>\n<meta name=\"twitter:label1\" content=\"Temps estimat de lectura\" \/>\n\t<meta name=\"twitter:data1\" content=\"2 minuts\" \/>\n<script type=\"application\/ld+json\" class=\"yoast-schema-graph\">{\"@context\":\"https:\/\/schema.org\",\"@graph\":[{\"@type\":\"WebPage\",\"@id\":\"https:\/\/verdnatura.es\/ca\/iva-reduit\/\",\"url\":\"https:\/\/verdnatura.es\/ca\/iva-reduit\/\",\"name\":\"IVA redu\u00eft - Verdnatura\",\"isPartOf\":{\"@id\":\"https:\/\/verdnatura.es\/ca\/#website\"},\"datePublished\":\"2026-04-17T09:34:26+00:00\",\"dateModified\":\"2026-04-17T12:09:06+00:00\",\"breadcrumb\":{\"@id\":\"https:\/\/verdnatura.es\/ca\/iva-reduit\/#breadcrumb\"},\"inLanguage\":\"ca\",\"potentialAction\":[{\"@type\":\"ReadAction\",\"target\":[\"https:\/\/verdnatura.es\/ca\/iva-reduit\/\"]}]},{\"@type\":\"BreadcrumbList\",\"@id\":\"https:\/\/verdnatura.es\/ca\/iva-reduit\/#breadcrumb\",\"itemListElement\":[{\"@type\":\"ListItem\",\"position\":1,\"name\":\"Portada\",\"item\":\"https:\/\/verdnatura.es\/ca\/\"},{\"@type\":\"ListItem\",\"position\":2,\"name\":\"IVA redu\u00eft\"}]},{\"@type\":\"WebSite\",\"@id\":\"https:\/\/verdnatura.es\/ca\/#website\",\"url\":\"https:\/\/verdnatura.es\/ca\/\",\"name\":\"Verdnatura\",\"description\":\"Mayorista de flores y plantas\",\"publisher\":{\"@id\":\"https:\/\/verdnatura.es\/ca\/#organization\"},\"potentialAction\":[{\"@type\":\"SearchAction\",\"target\":{\"@type\":\"EntryPoint\",\"urlTemplate\":\"https:\/\/verdnatura.es\/ca\/?s={search_term_string}\"},\"query-input\":{\"@type\":\"PropertyValueSpecification\",\"valueRequired\":true,\"valueName\":\"search_term_string\"}}],\"inLanguage\":\"ca\"},{\"@type\":\"Organization\",\"@id\":\"https:\/\/verdnatura.es\/ca\/#organization\",\"name\":\"Verdnatura Levante SL\",\"url\":\"https:\/\/verdnatura.es\/ca\/\",\"logo\":{\"@type\":\"ImageObject\",\"inLanguage\":\"ca\",\"@id\":\"https:\/\/verdnatura.es\/ca\/#\/schema\/logo\/image\/\",\"url\":\"https:\/\/verdnatura.es\/wp-content\/uploads\/2023\/12\/Marca-sin-fondo.png\",\"contentUrl\":\"https:\/\/verdnatura.es\/wp-content\/uploads\/2023\/12\/Marca-sin-fondo.png\",\"width\":1000,\"height\":630,\"caption\":\"Verdnatura Levante SL\"},\"image\":{\"@id\":\"https:\/\/verdnatura.es\/ca\/#\/schema\/logo\/image\/\"},\"sameAs\":[\"http:\/\/www.facebook.com\/verdnatura\",\"https:\/\/www.instagram.com\/verdnatura\",\"https:\/\/www.linkedin.com\/company\/verdnatura\"]}]}<\/script>\n<!-- \/ Yoast SEO plugin. -->","yoast_head_json":{"title":"IVA redu\u00eft - Verdnatura","robots":{"index":"index","follow":"follow","max-snippet":"max-snippet:-1","max-image-preview":"max-image-preview:large","max-video-preview":"max-video-preview:-1"},"canonical":"https:\/\/verdnatura.es\/ca\/iva-reduit\/","og_locale":"ca_ES","og_type":"article","og_title":"IVA redu\u00eft - Verdnatura","og_url":"https:\/\/verdnatura.es\/ca\/iva-reduit\/","og_site_name":"Verdnatura","article_publisher":"http:\/\/www.facebook.com\/verdnatura","article_modified_time":"2026-04-17T12:09:06+00:00","twitter_card":"summary_large_image","twitter_misc":{"Temps estimat de lectura":"2 minuts"},"schema":{"@context":"https:\/\/schema.org","@graph":[{"@type":"WebPage","@id":"https:\/\/verdnatura.es\/ca\/iva-reduit\/","url":"https:\/\/verdnatura.es\/ca\/iva-reduit\/","name":"IVA redu\u00eft - Verdnatura","isPartOf":{"@id":"https:\/\/verdnatura.es\/ca\/#website"},"datePublished":"2026-04-17T09:34:26+00:00","dateModified":"2026-04-17T12:09:06+00:00","breadcrumb":{"@id":"https:\/\/verdnatura.es\/ca\/iva-reduit\/#breadcrumb"},"inLanguage":"ca","potentialAction":[{"@type":"ReadAction","target":["https:\/\/verdnatura.es\/ca\/iva-reduit\/"]}]},{"@type":"BreadcrumbList","@id":"https:\/\/verdnatura.es\/ca\/iva-reduit\/#breadcrumb","itemListElement":[{"@type":"ListItem","position":1,"name":"Portada","item":"https:\/\/verdnatura.es\/ca\/"},{"@type":"ListItem","position":2,"name":"IVA redu\u00eft"}]},{"@type":"WebSite","@id":"https:\/\/verdnatura.es\/ca\/#website","url":"https:\/\/verdnatura.es\/ca\/","name":"Verdnatura","description":"Mayorista de flores y plantas","publisher":{"@id":"https:\/\/verdnatura.es\/ca\/#organization"},"potentialAction":[{"@type":"SearchAction","target":{"@type":"EntryPoint","urlTemplate":"https:\/\/verdnatura.es\/ca\/?s={search_term_string}"},"query-input":{"@type":"PropertyValueSpecification","valueRequired":true,"valueName":"search_term_string"}}],"inLanguage":"ca"},{"@type":"Organization","@id":"https:\/\/verdnatura.es\/ca\/#organization","name":"Verdnatura Levante SL","url":"https:\/\/verdnatura.es\/ca\/","logo":{"@type":"ImageObject","inLanguage":"ca","@id":"https:\/\/verdnatura.es\/ca\/#\/schema\/logo\/image\/","url":"https:\/\/verdnatura.es\/wp-content\/uploads\/2023\/12\/Marca-sin-fondo.png","contentUrl":"https:\/\/verdnatura.es\/wp-content\/uploads\/2023\/12\/Marca-sin-fondo.png","width":1000,"height":630,"caption":"Verdnatura Levante SL"},"image":{"@id":"https:\/\/verdnatura.es\/ca\/#\/schema\/logo\/image\/"},"sameAs":["http:\/\/www.facebook.com\/verdnatura","https:\/\/www.instagram.com\/verdnatura","https:\/\/www.linkedin.com\/company\/verdnatura"]}]}},"_links":{"self":[{"href":"https:\/\/verdnatura.es\/ca\/wp-json\/wp\/v2\/pages\/41951","targetHints":{"allow":["GET"]}}],"collection":[{"href":"https:\/\/verdnatura.es\/ca\/wp-json\/wp\/v2\/pages"}],"about":[{"href":"https:\/\/verdnatura.es\/ca\/wp-json\/wp\/v2\/types\/page"}],"author":[{"embeddable":true,"href":"https:\/\/verdnatura.es\/ca\/wp-json\/wp\/v2\/users\/7"}],"replies":[{"embeddable":true,"href":"https:\/\/verdnatura.es\/ca\/wp-json\/wp\/v2\/comments?post=41951"}],"version-history":[{"count":1,"href":"https:\/\/verdnatura.es\/ca\/wp-json\/wp\/v2\/pages\/41951\/revisions"}],"predecessor-version":[{"id":41952,"href":"https:\/\/verdnatura.es\/ca\/wp-json\/wp\/v2\/pages\/41951\/revisions\/41952"}],"wp:attachment":[{"href":"https:\/\/verdnatura.es\/ca\/wp-json\/wp\/v2\/media?parent=41951"}],"curies":[{"name":"wp","href":"https:\/\/api.w.org\/{rel}","templated":true}]}}