{"id":41947,"date":"2026-04-17T11:34:26","date_gmt":"2026-04-17T09:34:26","guid":{"rendered":"https:\/\/verdnatura.es\/?page_id=41947"},"modified":"2026-04-17T14:06:52","modified_gmt":"2026-04-17T12:06:52","slug":"tva-reduit","status":"publish","type":"page","link":"https:\/\/verdnatura.es\/fr\/tva-reduit\/","title":{"rendered":"TVA r\u00e9duit"},"content":{"rendered":"<div class=\"fusion-fullwidth fullwidth-box fusion-builder-row-1 fusion-flex-container has-pattern-background has-mask-background nonhundred-percent-fullwidth non-hundred-percent-height-scrolling\" style=\"--awb-border-radius-top-left:0px;--awb-border-radius-top-right:0px;--awb-border-radius-bottom-right:0px;--awb-border-radius-bottom-left:0px;--awb-padding-right:15%;--awb-padding-bottom:15%;--awb-padding-left:15%;--awb-padding-right-small:2%;--awb-padding-left-small:2%;--awb-flex-wrap:wrap;\" ><div class=\"fusion-builder-row fusion-row fusion-flex-align-items-flex-start fusion-flex-justify-content-center fusion-flex-content-wrap\" style=\"max-width:1352px;margin-left: calc(-4% \/ 2 );margin-right: calc(-4% \/ 2 );\"><div class=\"fusion-layout-column fusion_builder_column fusion-builder-column-0 fusion_builder_column_1_1 1_1 fusion-flex-column\" style=\"--awb-bg-size:cover;--awb-width-large:100%;--awb-margin-top-large:0px;--awb-spacing-right-large:1.92%;--awb-margin-bottom-large:0px;--awb-spacing-left-large:1.92%;--awb-width-medium:100%;--awb-order-medium:0;--awb-spacing-right-medium:1.92%;--awb-spacing-left-medium:1.92%;--awb-width-small:100%;--awb-order-small:0;--awb-spacing-right-small:1.92%;--awb-spacing-left-small:1.92%;\"><div class=\"fusion-column-wrapper fusion-column-has-shadow fusion-flex-justify-content-flex-start fusion-content-layout-column\"><div class=\"fusion-text fusion-text-1\"><h1 style=\"text-align: center; margin-top: 40px;\">Justification technique et juridique : Application du taux de TVA r\u00e9duit<\/h1>\n<\/div><div class=\"fusion-separator fusion-full-width-sep\" style=\"align-self: center;margin-left: auto;margin-right: auto;margin-top:20px;margin-bottom:20px;width:100%;\"><div class=\"fusion-separator-border sep-single sep-solid\" style=\"--awb-height:20px;--awb-amount:20px;--awb-sep-color:var(--awb-color5);border-color:var(--awb-color5);border-top-width:3px;\"><\/div><\/div><div class=\"fusion-text fusion-text-2\"><p>Ce document a pour but d&rsquo;informer nos clients sur les crit\u00e8res appliqu\u00e9s pour d\u00e9terminer le taux de Taxe sur la Valeur Ajout\u00e9e (TVA) sur nos produits, en nous basant strictement sur la l\u00e9gislation en vigueur et sur des interpr\u00e9tations techniques d\u00fbment valid\u00e9es.<\/p>\n<\/div><div class=\"fusion-separator fusion-full-width-sep\" style=\"align-self: center;margin-left: auto;margin-right: auto;margin-top:20px;margin-bottom:20px;width:100%;\"><div class=\"fusion-separator-border sep-single sep-solid\" style=\"--awb-height:20px;--awb-amount:20px;--awb-sep-color:var(--awb-color5);border-color:var(--awb-color5);border-top-width:3px;\"><\/div><\/div><div class=\"awb-toc-el awb-toc-el--1\" data-awb-toc-id=\"1\" data-awb-toc-options=\"{&quot;allowed_heading_tags&quot;:{&quot;h2&quot;:0},&quot;ignore_headings&quot;:&quot;&quot;,&quot;ignore_headings_words&quot;:&quot;&quot;,&quot;enable_cache&quot;:&quot;yes&quot;,&quot;highlight_current_heading&quot;:&quot;no&quot;,&quot;hide_hidden_titles&quot;:&quot;yes&quot;,&quot;limit_container&quot;:&quot;all&quot;,&quot;select_custom_headings&quot;:&quot;&quot;,&quot;icon&quot;:&quot;fa-angle-right fas&quot;,&quot;counter_type&quot;:&quot;custom_icon&quot;}\" style=\"--awb-margin-right:2%;--awb-margin-left:2%;--awb-item-text-transform:capitalize;--awb-item-color:var(--awb-color6);--awb-item-padding-right:5px;--awb-item-padding-left:5px;\"><div class=\"awb-toc-el__content\"><\/div><\/div><div class=\"fusion-separator fusion-full-width-sep\" style=\"align-self: center;margin-left: auto;margin-right: auto;margin-top:20px;margin-bottom:20px;width:100%;\"><div class=\"fusion-separator-border sep-single sep-solid\" style=\"--awb-height:20px;--awb-amount:20px;--awb-sep-color:var(--awb-color5);border-color:var(--awb-color5);border-top-width:3px;\"><\/div><\/div><div class=\"fusion-text fusion-text-3\"><h2 id=\"cadre-reglementaire\" style=\"color: #1a1a1a; font-size: 30px; font-weight: bold; margin-bottom: 20px;\">1. Cadre R\u00e9glementaire<\/h2>\n<p>Conform\u00e9ment \u00e0 l&rsquo;article 91, paragraphe 1, point 8 de la Loi 37\/1992 (Loi sur la TVA), le taux r\u00e9duit de TVA s&rsquo;applique aux :<\/p>\n<p><i>\u00ab Fleurs, plantes vivantes \u00e0 caract\u00e8re ornemental, ainsi qu&rsquo;aux graines, bulbes, boutures et autres produits d&rsquo;origine exclusivement v\u00e9g\u00e9tale pouvant \u00eatre utilis\u00e9s pour leur culture. \u00bb<\/i><\/p>\n<\/div><div class=\"fusion-separator fusion-full-width-sep\" style=\"align-self: center;margin-left: auto;margin-right: auto;margin-top:20px;margin-bottom:20px;width:100%;\"><div class=\"fusion-separator-border sep-single sep-solid\" style=\"--awb-height:20px;--awb-amount:20px;--awb-sep-color:var(--awb-color5);border-color:var(--awb-color5);border-top-width:3px;\"><\/div><\/div><div class=\"fusion-text fusion-text-4\"><h2 id=\"interpretation-produits\" style=\"color: #1a1a1a; font-size: 30px; font-weight: bold; margin-bottom: 20px;\">2. Interpr\u00e9tation et Cat\u00e9gorisation des Produits<\/h2>\n<p>Sur la base de rapports techniques et juridiques, nous d\u00e9taillons l&rsquo;application de la taxe comme suit :<\/p>\n<h3 style=\"color: #1a1a1a; font-size: 24px; font-weight: bold; margin-top: 20px; margin-bottom: 10px;\">A. Fleurs Naturelles<\/h3>\n<p>Le taux r\u00e9duit s&rsquo;applique aux fleurs dans n&rsquo;importe quel \u00e9tat, \u00e0 condition qu&rsquo;elles conservent leur origine naturelle.<\/p>\n<ul>\n<li><b>Inclus :<\/b> Fleurs fra\u00eeches, teint\u00e9es, stabilis\u00e9es et s\u00e9ch\u00e9es.<\/li>\n<li><b>Exclus :<\/b> Fleurs artificielles (soumises au taux normal).<\/li>\n<\/ul>\n<h3 style=\"color: #1a1a1a; font-size: 24px; font-weight: bold; margin-top: 20px; margin-bottom: 10px;\">B. Plantes Vivantes \u00e0 Caract\u00e8re Ornemental<\/h3>\n<p>S&rsquo;applique \u00e0 celles dont l&rsquo;usage principal est la d\u00e9coration. Il convient de noter que d&rsquo;autres plantes (culinaires ou horticoles) b\u00e9n\u00e9ficient \u00e9galement du taux r\u00e9duit en vertu d&rsquo;autres articles de la m\u00eame loi.<\/p>\n<ul>\n<li><b>Inclus :<\/b> Plantes ornementales, mousses, lichens et algues, \u00e0 condition qu&rsquo;ils soient vivants.<\/li>\n<li><b>Exclus :<\/b> Plantes s\u00e9ch\u00e9es, stabilis\u00e9es et artificielles.<\/li>\n<\/ul>\n<h3 style=\"color: #1a1a1a; font-size: 24px; font-weight: bold; margin-top: 20px; margin-bottom: 10px;\">C. Bulbes et Graines<\/h3>\n<p>Ils suivent le m\u00eame crit\u00e8re que les fleurs naturelles, b\u00e9n\u00e9ficiant du taux r\u00e9duit pour encourager la production agricole et la culture.<\/p>\n<h3 style=\"color: #1a1a1a; font-size: 24px; font-weight: bold; margin-top: 20px; margin-bottom: 10px;\">D. Boutures et Autres Produits V\u00e9g\u00e9taux<\/h3>\n<p>Sont inclus les produits d&rsquo;origine exclusivement v\u00e9g\u00e9tale permettant l&rsquo;obtention de nouvelles plantes.<\/p>\n<ul>\n<li><b>Inclus :<\/b> Fruits frais, rhizomes, racines, branches et feuilles (en raison de leur capacit\u00e9 v\u00e9g\u00e9tative).<\/li>\n<li><b>Exclus :<\/b> Ces m\u00eames \u00e9l\u00e9ments s&rsquo;ils sont teint\u00e9s, stabilis\u00e9s ou s\u00e9ch\u00e9s, car ils ont perdu leurs propri\u00e9t\u00e9s de reproduction ou de croissance.<\/li>\n<\/ul>\n<\/div><div class=\"fusion-separator fusion-full-width-sep\" style=\"align-self: center;margin-left: auto;margin-right: auto;margin-top:20px;margin-bottom:20px;width:100%;\"><div class=\"fusion-separator-border sep-single sep-solid\" style=\"--awb-height:20px;--awb-amount:20px;--awb-sep-color:var(--awb-color5);border-color:var(--awb-color5);border-top-width:3px;\"><\/div><\/div><div class=\"fusion-text fusion-text-5\"><h2 id=\"engagement-transparence\" style=\"color: #1a1a1a; font-size: 30px; font-weight: bold; margin-bottom: 20px;\">3. Engagement de Transparence<\/h2>\n<p>Cette structure fiscale est celle que nous appliquons actuellement dans l&rsquo;ensemble de nos op\u00e9rations commerciales. Si vous souhaitez obtenir des pr\u00e9cisions suppl\u00e9mentaires ou si vous constatez la moindre anomalie, n&rsquo;h\u00e9sitez pas \u00e0 nous contacter \u00e0 l&rsquo;adresse <a style=\"color: #8cc63f; text-decoration: underline;\" href=\"mailto:clientes@verdnatura.es\">clientes@verdnatura.es<\/a>.<\/p>\n<p><b>Remarque :<\/b> Ce document est fourni \u00e0 titre purement informatif et repose sur l&rsquo;interpr\u00e9tation actuelle de la r\u00e9glementation fiscale.<\/p>\n<\/div><\/div><\/div><\/div><\/div>\n","protected":false},"excerpt":{"rendered":"","protected":false},"author":7,"featured_media":0,"parent":0,"menu_order":0,"comment_status":"closed","ping_status":"closed","template":"100-width.php","meta":{"_acf_changed":false,"footnotes":""},"class_list":["post-41947","page","type-page","status-publish","hentry"],"acf":[],"yoast_head":"<!-- This site is optimized with the Yoast SEO plugin v27.1.1 - https:\/\/yoast.com\/product\/yoast-seo-wordpress\/ -->\n<title>TVA r\u00e9duit - Verdnatura<\/title>\n<meta name=\"robots\" content=\"index, follow, max-snippet:-1, max-image-preview:large, max-video-preview:-1\" \/>\n<link rel=\"canonical\" href=\"https:\/\/verdnatura.es\/fr\/tva-reduit\/\" \/>\n<meta property=\"og:locale\" content=\"fr_FR\" \/>\n<meta property=\"og:type\" content=\"article\" \/>\n<meta property=\"og:title\" content=\"TVA r\u00e9duit - Verdnatura\" \/>\n<meta property=\"og:url\" content=\"https:\/\/verdnatura.es\/fr\/tva-reduit\/\" \/>\n<meta property=\"og:site_name\" content=\"Verdnatura\" \/>\n<meta property=\"article:publisher\" content=\"http:\/\/www.facebook.com\/verdnatura\" \/>\n<meta property=\"article:modified_time\" content=\"2026-04-17T12:06:52+00:00\" \/>\n<meta name=\"twitter:card\" content=\"summary_large_image\" \/>\n<meta name=\"twitter:label1\" content=\"Dur\u00e9e de lecture estim\u00e9e\" \/>\n\t<meta name=\"twitter:data1\" content=\"2 minutes\" \/>\n<script type=\"application\/ld+json\" class=\"yoast-schema-graph\">{\"@context\":\"https:\/\/schema.org\",\"@graph\":[{\"@type\":\"WebPage\",\"@id\":\"https:\/\/verdnatura.es\/fr\/tva-reduit\/\",\"url\":\"https:\/\/verdnatura.es\/fr\/tva-reduit\/\",\"name\":\"TVA r\u00e9duit - Verdnatura\",\"isPartOf\":{\"@id\":\"https:\/\/verdnatura.es\/fr\/#website\"},\"datePublished\":\"2026-04-17T09:34:26+00:00\",\"dateModified\":\"2026-04-17T12:06:52+00:00\",\"breadcrumb\":{\"@id\":\"https:\/\/verdnatura.es\/fr\/tva-reduit\/#breadcrumb\"},\"inLanguage\":\"fr-FR\",\"potentialAction\":[{\"@type\":\"ReadAction\",\"target\":[\"https:\/\/verdnatura.es\/fr\/tva-reduit\/\"]}]},{\"@type\":\"BreadcrumbList\",\"@id\":\"https:\/\/verdnatura.es\/fr\/tva-reduit\/#breadcrumb\",\"itemListElement\":[{\"@type\":\"ListItem\",\"position\":1,\"name\":\"Portada\",\"item\":\"https:\/\/verdnatura.es\/fr\/\"},{\"@type\":\"ListItem\",\"position\":2,\"name\":\"TVA r\u00e9duit\"}]},{\"@type\":\"WebSite\",\"@id\":\"https:\/\/verdnatura.es\/fr\/#website\",\"url\":\"https:\/\/verdnatura.es\/fr\/\",\"name\":\"Verdnatura\",\"description\":\"Mayorista de flores y plantas\",\"publisher\":{\"@id\":\"https:\/\/verdnatura.es\/fr\/#organization\"},\"potentialAction\":[{\"@type\":\"SearchAction\",\"target\":{\"@type\":\"EntryPoint\",\"urlTemplate\":\"https:\/\/verdnatura.es\/fr\/?s={search_term_string}\"},\"query-input\":{\"@type\":\"PropertyValueSpecification\",\"valueRequired\":true,\"valueName\":\"search_term_string\"}}],\"inLanguage\":\"fr-FR\"},{\"@type\":\"Organization\",\"@id\":\"https:\/\/verdnatura.es\/fr\/#organization\",\"name\":\"Verdnatura Levante SL\",\"url\":\"https:\/\/verdnatura.es\/fr\/\",\"logo\":{\"@type\":\"ImageObject\",\"inLanguage\":\"fr-FR\",\"@id\":\"https:\/\/verdnatura.es\/fr\/#\/schema\/logo\/image\/\",\"url\":\"https:\/\/verdnatura.es\/wp-content\/uploads\/2023\/12\/Marca-sin-fondo.png\",\"contentUrl\":\"https:\/\/verdnatura.es\/wp-content\/uploads\/2023\/12\/Marca-sin-fondo.png\",\"width\":1000,\"height\":630,\"caption\":\"Verdnatura Levante SL\"},\"image\":{\"@id\":\"https:\/\/verdnatura.es\/fr\/#\/schema\/logo\/image\/\"},\"sameAs\":[\"http:\/\/www.facebook.com\/verdnatura\",\"https:\/\/www.instagram.com\/verdnatura\",\"https:\/\/www.linkedin.com\/company\/verdnatura\"]}]}<\/script>\n<!-- \/ Yoast SEO plugin. -->","yoast_head_json":{"title":"TVA r\u00e9duit - Verdnatura","robots":{"index":"index","follow":"follow","max-snippet":"max-snippet:-1","max-image-preview":"max-image-preview:large","max-video-preview":"max-video-preview:-1"},"canonical":"https:\/\/verdnatura.es\/fr\/tva-reduit\/","og_locale":"fr_FR","og_type":"article","og_title":"TVA r\u00e9duit - Verdnatura","og_url":"https:\/\/verdnatura.es\/fr\/tva-reduit\/","og_site_name":"Verdnatura","article_publisher":"http:\/\/www.facebook.com\/verdnatura","article_modified_time":"2026-04-17T12:06:52+00:00","twitter_card":"summary_large_image","twitter_misc":{"Dur\u00e9e de lecture estim\u00e9e":"2 minutes"},"schema":{"@context":"https:\/\/schema.org","@graph":[{"@type":"WebPage","@id":"https:\/\/verdnatura.es\/fr\/tva-reduit\/","url":"https:\/\/verdnatura.es\/fr\/tva-reduit\/","name":"TVA r\u00e9duit - Verdnatura","isPartOf":{"@id":"https:\/\/verdnatura.es\/fr\/#website"},"datePublished":"2026-04-17T09:34:26+00:00","dateModified":"2026-04-17T12:06:52+00:00","breadcrumb":{"@id":"https:\/\/verdnatura.es\/fr\/tva-reduit\/#breadcrumb"},"inLanguage":"fr-FR","potentialAction":[{"@type":"ReadAction","target":["https:\/\/verdnatura.es\/fr\/tva-reduit\/"]}]},{"@type":"BreadcrumbList","@id":"https:\/\/verdnatura.es\/fr\/tva-reduit\/#breadcrumb","itemListElement":[{"@type":"ListItem","position":1,"name":"Portada","item":"https:\/\/verdnatura.es\/fr\/"},{"@type":"ListItem","position":2,"name":"TVA r\u00e9duit"}]},{"@type":"WebSite","@id":"https:\/\/verdnatura.es\/fr\/#website","url":"https:\/\/verdnatura.es\/fr\/","name":"Verdnatura","description":"Mayorista de flores y plantas","publisher":{"@id":"https:\/\/verdnatura.es\/fr\/#organization"},"potentialAction":[{"@type":"SearchAction","target":{"@type":"EntryPoint","urlTemplate":"https:\/\/verdnatura.es\/fr\/?s={search_term_string}"},"query-input":{"@type":"PropertyValueSpecification","valueRequired":true,"valueName":"search_term_string"}}],"inLanguage":"fr-FR"},{"@type":"Organization","@id":"https:\/\/verdnatura.es\/fr\/#organization","name":"Verdnatura Levante SL","url":"https:\/\/verdnatura.es\/fr\/","logo":{"@type":"ImageObject","inLanguage":"fr-FR","@id":"https:\/\/verdnatura.es\/fr\/#\/schema\/logo\/image\/","url":"https:\/\/verdnatura.es\/wp-content\/uploads\/2023\/12\/Marca-sin-fondo.png","contentUrl":"https:\/\/verdnatura.es\/wp-content\/uploads\/2023\/12\/Marca-sin-fondo.png","width":1000,"height":630,"caption":"Verdnatura Levante SL"},"image":{"@id":"https:\/\/verdnatura.es\/fr\/#\/schema\/logo\/image\/"},"sameAs":["http:\/\/www.facebook.com\/verdnatura","https:\/\/www.instagram.com\/verdnatura","https:\/\/www.linkedin.com\/company\/verdnatura"]}]}},"_links":{"self":[{"href":"https:\/\/verdnatura.es\/fr\/wp-json\/wp\/v2\/pages\/41947","targetHints":{"allow":["GET"]}}],"collection":[{"href":"https:\/\/verdnatura.es\/fr\/wp-json\/wp\/v2\/pages"}],"about":[{"href":"https:\/\/verdnatura.es\/fr\/wp-json\/wp\/v2\/types\/page"}],"author":[{"embeddable":true,"href":"https:\/\/verdnatura.es\/fr\/wp-json\/wp\/v2\/users\/7"}],"replies":[{"embeddable":true,"href":"https:\/\/verdnatura.es\/fr\/wp-json\/wp\/v2\/comments?post=41947"}],"version-history":[{"count":1,"href":"https:\/\/verdnatura.es\/fr\/wp-json\/wp\/v2\/pages\/41947\/revisions"}],"predecessor-version":[{"id":41948,"href":"https:\/\/verdnatura.es\/fr\/wp-json\/wp\/v2\/pages\/41947\/revisions\/41948"}],"wp:attachment":[{"href":"https:\/\/verdnatura.es\/fr\/wp-json\/wp\/v2\/media?parent=41947"}],"curies":[{"name":"wp","href":"https:\/\/api.w.org\/{rel}","templated":true}]}}