{"id":9843,"date":"2024-07-04T16:21:40","date_gmt":"2024-07-04T14:21:40","guid":{"rendered":"https:\/\/verdnatura.es\/politique-en-matiere-de-cookies\/"},"modified":"2024-07-10T08:44:47","modified_gmt":"2024-07-10T06:44:47","slug":"politique-en-matiere-de-cookies","status":"publish","type":"page","link":"https:\/\/verdnatura.es\/fr\/politique-en-matiere-de-cookies\/","title":{"rendered":"Politique en mati\u00e8re de cookies"},"content":{"rendered":"<div class=\"fusion-fullwidth fullwidth-box fusion-builder-row-1 fusion-flex-container nonhundred-percent-fullwidth non-hundred-percent-height-scrolling\" style=\"--awb-border-radius-top-left:0px;--awb-border-radius-top-right:0px;--awb-border-radius-bottom-right:0px;--awb-border-radius-bottom-left:0px;--awb-margin-top:75px;--awb-margin-bottom:87px;--awb-flex-wrap:wrap;\" ><div class=\"fusion-builder-row fusion-row fusion-flex-align-items-flex-start fusion-flex-content-wrap\" style=\"max-width:1352px;margin-left: calc(-4% \/ 2 );margin-right: calc(-4% \/ 2 );\"><div class=\"fusion-layout-column fusion_builder_column fusion-builder-column-0 fusion_builder_column_1_1 1_1 fusion-flex-column\" style=\"--awb-bg-blend:overlay;--awb-bg-size:cover;--awb-width-large:100%;--awb-margin-top-large:0px;--awb-spacing-right-large:1.92%;--awb-margin-bottom-large:0px;--awb-spacing-left-large:1.92%;--awb-width-medium:100%;--awb-spacing-right-medium:1.92%;--awb-spacing-left-medium:1.92%;--awb-width-small:100%;--awb-spacing-right-small:1.92%;--awb-spacing-left-small:1.92%;\"><div class=\"fusion-column-wrapper fusion-flex-justify-content-flex-start fusion-content-layout-column\"><div class=\"fusion-title title fusion-title-1 fusion-sep-none fusion-title-text fusion-title-size-one\" style=\"--awb-text-color:var(--awb-color5);--awb-margin-top-small:20px;--awb-margin-right-small:0px;--awb-margin-bottom-small:20px;--awb-margin-left-small:0px;--awb-font-size:25px;\"><h1 class=\"fusion-title-heading title-heading-left fusion-responsive-typography-calculated\" style=\"margin:0;font-size:1em;--fontSize:25;line-height:1.1;\"><h3>Politique en mati\u00e8re de cookies<\/h3><\/h1><\/div><div class=\"fusion-text fusion-text-1\"><h5>Informations sur les cookies<\/h5>\n<p>VERDNATURA LEVANTE S.L. s&rsquo;engage \u00e0 faire en sorte que votre exp\u00e9rience sur notre site Web soit informative, pertinente et facile \u00e0 utiliser. Pour ce faire, nous utilisons des cookies et des technologies similaires. La pr\u00e9sente politique en mati\u00e8re de cookies fournit des informations sur les cookies que nous utilisons, sur les raisons pour lesquelles nous les utilisons et sur la mani\u00e8re dont vous pouvez contr\u00f4ler leur utilisation.<\/p>\n<\/div><div class=\"fusion-text fusion-text-2\"><h5>Qu&rsquo;est-ce qu&rsquo;un cookie ?<\/h5>\n<p>Les cookies sont de petits fichiers texte qui sont stock\u00e9s sur votre appareil (ordinateur, smartphone, tablette) lorsque vous visitez certains sites web. Les cookies permettent \u00e0 un site web de m\u00e9moriser vos actions et vos pr\u00e9f\u00e9rences (telles que l&rsquo;identifiant, la langue, la taille de la police et d&rsquo;autres pr\u00e9f\u00e9rences d&rsquo;affichage) pendant une certaine p\u00e9riode, de sorte que vous n&rsquo;ayez pas \u00e0 les r\u00e9initialiser chaque fois que vous revenez sur le site ou que vous naviguez d&rsquo;une page \u00e0 l&rsquo;autre.<\/p>\n<\/div><div class=\"fusion-text fusion-text-3\"><h5>Types de cookies utilis\u00e9s<\/h5>\n<p><strong>Cookies essentiels :<\/strong> ces cookies sont n\u00e9cessaires au fonctionnement du site web et ne peuvent \u00eatre d\u00e9sactiv\u00e9s sur nos syst\u00e8mes. Ils ne sont g\u00e9n\u00e9ralement mis en place qu&rsquo;en r\u00e9ponse \u00e0 des actions que vous effectuez et qui \u00e9quivalent \u00e0 une demande de services, comme le r\u00e9glage de vos pr\u00e9f\u00e9rences en mati\u00e8re de protection de la vie priv\u00e9e, la connexion ou le remplissage de formulaires.<\/p>\n<\/div><div class=\"fusion-text fusion-text-4\"><p><strong>Cookies de performance :<\/strong> ces cookies nous permettent de compter les visites et les sources de trafic, afin de mesurer et d&rsquo;am\u00e9liorer la performance de notre site. Ils nous permettent de savoir quelles sont les pages les plus et les moins populaires et de voir comment les visiteurs se d\u00e9placent sur le site.<\/p>\n<\/div><div class=\"fusion-text fusion-text-5\"><p><strong>Cookies fonctionnels :<\/strong> ces cookies permettent au site web d&rsquo;offrir une meilleure fonctionnalit\u00e9 et une meilleure personnalisation. Ils peuvent \u00eatre mis en place par nous-m\u00eames ou par des fournisseurs externes dont nous avons ajout\u00e9 les services \u00e0 nos pages.<\/p>\n<\/div><div class=\"fusion-text fusion-text-6\"><p><strong>Cookies publicitaires :<\/strong> ces cookies peuvent \u00eatre install\u00e9s sur notre site par nos partenaires publicitaires. Elles peuvent \u00eatre utilis\u00e9es par ces soci\u00e9t\u00e9s pour \u00e9tablir un profil de vos int\u00e9r\u00eats et vous montrer des publicit\u00e9s pertinentes sur d&rsquo;autres sites.<\/p>\n<\/div><div class=\"fusion-text fusion-text-7\"><p><strong>Cookies publicitaires :<\/strong> ces cookies peuvent \u00eatre install\u00e9s sur notre site par nos partenaires publicitaires. Elles peuvent \u00eatre utilis\u00e9es par ces soci\u00e9t\u00e9s pour \u00e9tablir un profil de vos int\u00e9r\u00eats et vous montrer des publicit\u00e9s pertinentes sur d&rsquo;autres sites.<\/p>\n<\/div><div class=\"fusion-text fusion-text-8\"><h5>Gestion et d\u00e9sactivation des cookies<\/h5>\n<p>Lorsque vous acc\u00e9dez \u00e0 notre site web pour la premi\u00e8re fois, une fen\u00eatre contextuelle appara\u00eet pour vous informer de l&rsquo;utilisation de cookies. En continuant \u00e0 naviguer, vous consentez \u00e0 l&rsquo;installation de cookies tels que d\u00e9crits dans cette politique.<\/p>\n<p>Vous pouvez configurer votre navigateur pour qu&rsquo;il bloque ces cookies ou qu&rsquo;il vous en avertisse, mais certaines parties du site ne fonctionneront alors pas. Les navigateurs proposent diff\u00e9rentes m\u00e9thodes pour bloquer et supprimer les cookies utilis\u00e9s par les sites web. Vous pouvez modifier les param\u00e8tres de votre navigateur pour bloquer\/supprimer les cookies. Vous trouverez ci-dessous des liens vers des documents d&rsquo;assistance sur la mani\u00e8re de g\u00e9rer et de supprimer les cookies des principaux navigateurs web :<\/p>\n<ul>\n<li><a target=\"_new\" rel=\"noreferrer noopener\">Google Chrome<\/a><\/li>\n<li><a href=\"https:\/\/support.mozilla.org\/en-US\/kb\/enable-and-disable-cookies-website-preferences\" target=\"_new\" rel=\"noreferrer noopener\"><a href=\"https:\/\/support.mozilla.org\/en-US\/kb\/enable-and-disable-cookies-website-preferences\">Mozilla Firefox<\/a><\/a><\/li>\n<li><a href=\"https:\/\/support.apple.com\/guide\/safari\/manage-cookies-and-website-data-sfri11471\/mac\" target=\"_new\" rel=\"noreferrer noopener\"><a href=\"https:\/\/support.apple.com\/guide\/safari\/manage-cookies-and-website-data-sfri11471\/mac\">Safari<\/a><\/a><\/li>\n<li><a href=\"https:\/\/support.microsoft.com\/en-us\/microsoft-edge\/delete-cookies-in-microsoft-edge-63947406-0401-49b9-37d1-7f351b6b91f2\" target=\"_new\" rel=\"noreferrer noopener\"><a href=\"https:\/\/support.microsoft.com\/en-us\/microsoft-edge\/delete-cookies-in-microsoft-edge-63947406-0401-49b9-37d1-7f351b6b91f2\">Microsoft Edge<\/a><\/a><\/li>\n<\/ul>\n<\/div><div class=\"fusion-text fusion-text-9\"><h5>Cambios en la Pol\u00edtica de Cookies<\/h5>\n<p>VERDNATURA LEVANTE S.L. peut modifier cette politique de cookies \u00e0 tout moment. Toute modification de la politique en mati\u00e8re de cookies sera publi\u00e9e sur cette page et, le cas \u00e9ch\u00e9ant, vous sera notifi\u00e9e via notre site web. Nous vous encourageons \u00e0 consulter r\u00e9guli\u00e8rement la pr\u00e9sente politique en mati\u00e8re de cookies pour rester inform\u00e9 de la mani\u00e8re dont nous utilisons les cookies.<\/p>\n<\/div><div class=\"fusion-text fusion-text-10\"><h5>Contact<\/h5>\n<p>Si vous avez des questions concernant cette politique en mati\u00e8re de cookies, vous pouvez nous contacter par courrier \u00e9lectronique \u00e0 l&rsquo;adresse <a rel=\"noreferrer\">info@verdnatura.es<\/a>.<\/p>\n<\/div><div class=\"fusion-text fusion-text-11\"><hr>\n<p>Cette politique en mati\u00e8re de cookies est align\u00e9e sur notre politique de confidentialit\u00e9 afin de garantir que toutes les informations personnelles sont trait\u00e9es en toute s\u00e9curit\u00e9 et conform\u00e9ment \u00e0 la l\u00e9gislation en vigueur en mati\u00e8re de protection des donn\u00e9es. Pour plus de d\u00e9tails, veuillez consulter notre <a href=\"https:\/\/verdnatura.es\/privacy-policy\/\" rel=\"noreferrer\">politique de confidentialit\u00e9<\/a>.<\/p>\n<\/div><\/div><\/div><\/div><\/div>\n","protected":false},"excerpt":{"rendered":"","protected":false},"author":7,"featured_media":0,"parent":0,"menu_order":0,"comment_status":"closed","ping_status":"closed","template":"","meta":{"_acf_changed":false,"footnotes":""},"class_list":["post-9843","page","type-page","status-publish","hentry"],"acf":[],"yoast_head":"<!-- This site is optimized with the Yoast SEO plugin v27.1.1 - https:\/\/yoast.com\/product\/yoast-seo-wordpress\/ -->\n<title>Politique en mati\u00e8re de cookies - Verdnatura<\/title>\n<meta name=\"robots\" content=\"index, follow, max-snippet:-1, max-image-preview:large, max-video-preview:-1\" \/>\n<link rel=\"canonical\" href=\"https:\/\/verdnatura.es\/fr\/politique-en-matiere-de-cookies\/\" \/>\n<meta property=\"og:locale\" content=\"fr_FR\" \/>\n<meta property=\"og:type\" content=\"article\" \/>\n<meta property=\"og:title\" content=\"Politique en mati\u00e8re de cookies - Verdnatura\" \/>\n<meta property=\"og:url\" content=\"https:\/\/verdnatura.es\/fr\/politique-en-matiere-de-cookies\/\" \/>\n<meta property=\"og:site_name\" content=\"Verdnatura\" \/>\n<meta property=\"article:publisher\" content=\"http:\/\/www.facebook.com\/verdnatura\" \/>\n<meta property=\"article:modified_time\" content=\"2024-07-10T06:44:47+00:00\" \/>\n<meta name=\"twitter:card\" content=\"summary_large_image\" \/>\n<meta name=\"twitter:label1\" content=\"Dur\u00e9e de lecture estim\u00e9e\" \/>\n\t<meta name=\"twitter:data1\" content=\"6 minutes\" \/>\n<script type=\"application\/ld+json\" class=\"yoast-schema-graph\">{\"@context\":\"https:\/\/schema.org\",\"@graph\":[{\"@type\":\"WebPage\",\"@id\":\"https:\/\/verdnatura.es\/fr\/politique-en-matiere-de-cookies\/\",\"url\":\"https:\/\/verdnatura.es\/fr\/politique-en-matiere-de-cookies\/\",\"name\":\"Politique en mati\u00e8re de cookies - Verdnatura\",\"isPartOf\":{\"@id\":\"https:\/\/verdnatura.es\/fr\/#website\"},\"datePublished\":\"2024-07-04T14:21:40+00:00\",\"dateModified\":\"2024-07-10T06:44:47+00:00\",\"breadcrumb\":{\"@id\":\"https:\/\/verdnatura.es\/fr\/politique-en-matiere-de-cookies\/#breadcrumb\"},\"inLanguage\":\"fr-FR\",\"potentialAction\":[{\"@type\":\"ReadAction\",\"target\":[\"https:\/\/verdnatura.es\/fr\/politique-en-matiere-de-cookies\/\"]}]},{\"@type\":\"BreadcrumbList\",\"@id\":\"https:\/\/verdnatura.es\/fr\/politique-en-matiere-de-cookies\/#breadcrumb\",\"itemListElement\":[{\"@type\":\"ListItem\",\"position\":1,\"name\":\"Portada\",\"item\":\"https:\/\/verdnatura.es\/fr\/\"},{\"@type\":\"ListItem\",\"position\":2,\"name\":\"Politique en mati\u00e8re de cookies\"}]},{\"@type\":\"WebSite\",\"@id\":\"https:\/\/verdnatura.es\/fr\/#website\",\"url\":\"https:\/\/verdnatura.es\/fr\/\",\"name\":\"Verdnatura\",\"description\":\"Mayorista de flores y plantas\",\"publisher\":{\"@id\":\"https:\/\/verdnatura.es\/fr\/#organization\"},\"potentialAction\":[{\"@type\":\"SearchAction\",\"target\":{\"@type\":\"EntryPoint\",\"urlTemplate\":\"https:\/\/verdnatura.es\/fr\/?s={search_term_string}\"},\"query-input\":{\"@type\":\"PropertyValueSpecification\",\"valueRequired\":true,\"valueName\":\"search_term_string\"}}],\"inLanguage\":\"fr-FR\"},{\"@type\":\"Organization\",\"@id\":\"https:\/\/verdnatura.es\/fr\/#organization\",\"name\":\"Verdnatura Levante SL\",\"url\":\"https:\/\/verdnatura.es\/fr\/\",\"logo\":{\"@type\":\"ImageObject\",\"inLanguage\":\"fr-FR\",\"@id\":\"https:\/\/verdnatura.es\/fr\/#\/schema\/logo\/image\/\",\"url\":\"https:\/\/verdnatura.es\/wp-content\/uploads\/2023\/12\/Marca-sin-fondo.png\",\"contentUrl\":\"https:\/\/verdnatura.es\/wp-content\/uploads\/2023\/12\/Marca-sin-fondo.png\",\"width\":1000,\"height\":630,\"caption\":\"Verdnatura Levante SL\"},\"image\":{\"@id\":\"https:\/\/verdnatura.es\/fr\/#\/schema\/logo\/image\/\"},\"sameAs\":[\"http:\/\/www.facebook.com\/verdnatura\",\"https:\/\/www.instagram.com\/verdnatura\",\"https:\/\/www.linkedin.com\/company\/verdnatura\"]}]}<\/script>\n<!-- \/ Yoast SEO plugin. -->","yoast_head_json":{"title":"Politique en mati\u00e8re de cookies - Verdnatura","robots":{"index":"index","follow":"follow","max-snippet":"max-snippet:-1","max-image-preview":"max-image-preview:large","max-video-preview":"max-video-preview:-1"},"canonical":"https:\/\/verdnatura.es\/fr\/politique-en-matiere-de-cookies\/","og_locale":"fr_FR","og_type":"article","og_title":"Politique en mati\u00e8re de cookies - Verdnatura","og_url":"https:\/\/verdnatura.es\/fr\/politique-en-matiere-de-cookies\/","og_site_name":"Verdnatura","article_publisher":"http:\/\/www.facebook.com\/verdnatura","article_modified_time":"2024-07-10T06:44:47+00:00","twitter_card":"summary_large_image","twitter_misc":{"Dur\u00e9e de lecture estim\u00e9e":"6 minutes"},"schema":{"@context":"https:\/\/schema.org","@graph":[{"@type":"WebPage","@id":"https:\/\/verdnatura.es\/fr\/politique-en-matiere-de-cookies\/","url":"https:\/\/verdnatura.es\/fr\/politique-en-matiere-de-cookies\/","name":"Politique en mati\u00e8re de cookies - Verdnatura","isPartOf":{"@id":"https:\/\/verdnatura.es\/fr\/#website"},"datePublished":"2024-07-04T14:21:40+00:00","dateModified":"2024-07-10T06:44:47+00:00","breadcrumb":{"@id":"https:\/\/verdnatura.es\/fr\/politique-en-matiere-de-cookies\/#breadcrumb"},"inLanguage":"fr-FR","potentialAction":[{"@type":"ReadAction","target":["https:\/\/verdnatura.es\/fr\/politique-en-matiere-de-cookies\/"]}]},{"@type":"BreadcrumbList","@id":"https:\/\/verdnatura.es\/fr\/politique-en-matiere-de-cookies\/#breadcrumb","itemListElement":[{"@type":"ListItem","position":1,"name":"Portada","item":"https:\/\/verdnatura.es\/fr\/"},{"@type":"ListItem","position":2,"name":"Politique en mati\u00e8re de cookies"}]},{"@type":"WebSite","@id":"https:\/\/verdnatura.es\/fr\/#website","url":"https:\/\/verdnatura.es\/fr\/","name":"Verdnatura","description":"Mayorista de flores y plantas","publisher":{"@id":"https:\/\/verdnatura.es\/fr\/#organization"},"potentialAction":[{"@type":"SearchAction","target":{"@type":"EntryPoint","urlTemplate":"https:\/\/verdnatura.es\/fr\/?s={search_term_string}"},"query-input":{"@type":"PropertyValueSpecification","valueRequired":true,"valueName":"search_term_string"}}],"inLanguage":"fr-FR"},{"@type":"Organization","@id":"https:\/\/verdnatura.es\/fr\/#organization","name":"Verdnatura Levante SL","url":"https:\/\/verdnatura.es\/fr\/","logo":{"@type":"ImageObject","inLanguage":"fr-FR","@id":"https:\/\/verdnatura.es\/fr\/#\/schema\/logo\/image\/","url":"https:\/\/verdnatura.es\/wp-content\/uploads\/2023\/12\/Marca-sin-fondo.png","contentUrl":"https:\/\/verdnatura.es\/wp-content\/uploads\/2023\/12\/Marca-sin-fondo.png","width":1000,"height":630,"caption":"Verdnatura Levante SL"},"image":{"@id":"https:\/\/verdnatura.es\/fr\/#\/schema\/logo\/image\/"},"sameAs":["http:\/\/www.facebook.com\/verdnatura","https:\/\/www.instagram.com\/verdnatura","https:\/\/www.linkedin.com\/company\/verdnatura"]}]}},"_links":{"self":[{"href":"https:\/\/verdnatura.es\/fr\/wp-json\/wp\/v2\/pages\/9843","targetHints":{"allow":["GET"]}}],"collection":[{"href":"https:\/\/verdnatura.es\/fr\/wp-json\/wp\/v2\/pages"}],"about":[{"href":"https:\/\/verdnatura.es\/fr\/wp-json\/wp\/v2\/types\/page"}],"author":[{"embeddable":true,"href":"https:\/\/verdnatura.es\/fr\/wp-json\/wp\/v2\/users\/7"}],"replies":[{"embeddable":true,"href":"https:\/\/verdnatura.es\/fr\/wp-json\/wp\/v2\/comments?post=9843"}],"version-history":[{"count":2,"href":"https:\/\/verdnatura.es\/fr\/wp-json\/wp\/v2\/pages\/9843\/revisions"}],"predecessor-version":[{"id":9845,"href":"https:\/\/verdnatura.es\/fr\/wp-json\/wp\/v2\/pages\/9843\/revisions\/9845"}],"wp:attachment":[{"href":"https:\/\/verdnatura.es\/fr\/wp-json\/wp\/v2\/media?parent=9843"}],"curies":[{"name":"wp","href":"https:\/\/api.w.org\/{rel}","templated":true}]}}