{"id":10052,"date":"2022-10-10T09:30:44","date_gmt":"2022-10-10T07:30:44","guid":{"rendered":"https:\/\/verdnatura.es\/privacy-policy\/"},"modified":"2024-07-12T08:22:38","modified_gmt":"2024-07-12T06:22:38","slug":"privacy-policy","status":"publish","type":"page","link":"https:\/\/verdnatura.es\/pt-pt\/privacy-policy\/","title":{"rendered":"Pol\u00edtica de Privacidad"},"content":{"rendered":"<div class=\"fusion-fullwidth fullwidth-box fusion-builder-row-1 fusion-flex-container nonhundred-percent-fullwidth non-hundred-percent-height-scrolling\" style=\"--awb-border-radius-top-left:0px;--awb-border-radius-top-right:0px;--awb-border-radius-bottom-right:0px;--awb-border-radius-bottom-left:0px;--awb-padding-top:4%;--awb-flex-wrap:wrap;\" ><div class=\"fusion-builder-row fusion-row fusion-flex-align-items-flex-start fusion-flex-content-wrap\" style=\"max-width:1352px;margin-left: calc(-4% \/ 2 );margin-right: calc(-4% \/ 2 );\"><div class=\"fusion-layout-column fusion_builder_column fusion-builder-column-0 fusion_builder_column_1_1 1_1 fusion-flex-column\" style=\"--awb-bg-size:cover;--awb-width-large:100%;--awb-margin-top-large:0px;--awb-spacing-right-large:1.92%;--awb-margin-bottom-large:0px;--awb-spacing-left-large:1.92%;--awb-width-medium:100%;--awb-spacing-right-medium:1.92%;--awb-spacing-left-medium:1.92%;--awb-width-small:100%;--awb-spacing-right-small:1.92%;--awb-spacing-left-small:1.92%;\"><div class=\"fusion-column-wrapper fusion-flex-justify-content-flex-start fusion-content-layout-column\"><div class=\"fusion-title title fusion-title-1 fusion-sep-none fusion-title-text fusion-title-size-five\" style=\"--awb-text-color:#8cc63f;--awb-margin-bottom:4%;--awb-margin-top-small:20px;--awb-margin-right-small:0px;--awb-margin-bottom-small:20px;--awb-margin-left-small:0px;\"><h5 class=\"fusion-title-heading title-heading-left fusion-responsive-typography-calculated\" style=\"margin:0;--fontSize:20;--minFontSize:20;line-height:var(--awb-typography1-line-height);\"><h5>POL\u00cdTICA DE PRIVACIDADE<\/p>\n<\/h5><\/h5><\/div><div class=\"fusion-text fusion-text-1 fusion-text-no-margin\" style=\"--awb-margin-bottom:3%;\"><p>A VERDNATURA LEVANTE S.L. compromete-se a cumprir sempre a legisla\u00e7\u00e3o vigente em mat\u00e9ria de tratamento de dados de car\u00e1cter pessoal. Atrav\u00e9s da seguinte pol\u00edtica de privacidade, a VERDNATURA LEVANTE S.L. informa os utilizadores de:<\/p>\n<\/div><div class=\"fusion-text fusion-text-2 fusion-text-no-margin\" style=\"--awb-margin-bottom:3%;\"><p>1. QUEM TRATAR\u00c1 OS SEUS DADOS?<\/p>\n<p>O respons\u00e1vel pelo tratamento dos seus dados \u00e9 VERDNATURA LEVANTE S.L. com o CIF B97367486.<\/p>\n<p>Identidade: VERDNATURA LEVANTE S.L. &#8211; CIF B97367486<\/p>\n<p>Endere\u00e7o: C\/ Fenollar n\u00ba 2, 46680 Algemes\u00ed, Valencia &#8211; Espanha<\/p>\n<p>Telefone: 96 324.21.00<\/p>\n<p>A VERDNATURA LEVANTE S.L. informa o utilizador que os dados fornecidos atrav\u00e9s da navega\u00e7\u00e3o no nosso site, do formul\u00e1rio de contacto ou do envio de e-mails, ser\u00e3o inclu\u00eddos em ficheiros propriedade da VERDNATURA LEVANTE S.L. (doravante VERDNATURA) e garante que s\u00e3o da sua inteira responsabilidade.<\/p>\n<\/div><div class=\"fusion-text fusion-text-3 fusion-text-no-margin\" style=\"--awb-margin-bottom:3%;\"><p><strong>2. PARA QUE S\u00c3O UTILIZADOS OS SEUS DADOS PESSOAIS?<\/strong><\/p>\n<p><strong>Registo no site<\/strong><\/p>\n<p>VERDNATURA p\u00f5e em seu conhecimento que s\u00f3 tratar\u00e1 a informa\u00e7\u00e3o de car\u00e1cter pessoal que nos facilite ao ter-se registado no site com a finalidade de poder gerir as suas compras atrav\u00e9s deste, a sua fatura\u00e7\u00e3o e o pagamento das encomendas realizadas.<\/p>\n<p><strong>Inqu\u00e9rito grau de satisfa\u00e7\u00e3o<\/strong><\/p>\n<p>VERDNATURA p\u00f5e em seu conhecimento que s\u00f3 tratar\u00e1 a informa\u00e7\u00e3o de car\u00e1cter pessoal que nos facilite atrav\u00e9s do inqu\u00e9rito de satisfa\u00e7\u00e3o com a finalidade de conhecer a sua opini\u00e3o sobre a nossa oferta de produtos e da experi\u00eancia da compra bem como os seus h\u00e1bitos de consumo, tudo isto com a finalidade de nos ajudar a melhorar no futuro.<\/p>\n<p>Com o objetivo de oferecer uma melhor experi\u00eancia aos nossos utilizadores, a VERDNATURA tentar\u00e1 a todo o momento estabelecer mecanismos adequados para obter o consentimento do utilizador para a instala\u00e7\u00e3o de cookies que o requeiram. Quando um utilizador acede \u00e0 nossa web aparece um pop-up no qual se informa da exist\u00eancia de cookies e que, se continuar a navegar ao longo da nossa p\u00e1gina, d\u00e1 o seu consentimento para a instala\u00e7\u00e3o de cookies. A aceita\u00e7\u00e3o da instala\u00e7\u00e3o dos cookies implica a aceita\u00e7\u00e3o da conserva\u00e7\u00e3o do endere\u00e7o IP nos registos da VERDNATURA, juntamente com a data de aceita\u00e7\u00e3o, durante um per\u00edodo de um ano, a fim de demonstrar o consentimento do utilizador, tal como estabelecido pela legisla\u00e7\u00e3o atual sobre prote\u00e7\u00e3o de dados. Pode consultar mais informa\u00e7\u00f5es na nossa &#8220;Pol\u00edtica de Cookies&#8221;.<\/p>\n<\/div><div class=\"fusion-text fusion-text-4 fusion-text-no-margin\" style=\"--awb-margin-bottom:3%;\"><p><strong>3. PORQUE PODEMOS TRATAR OS SEUS DADOS?<\/strong><\/p>\n<p>O tratamento dos seus dados para a presta\u00e7\u00e3o do servi\u00e7o \u00e9 legitimado pelo consentimento do interessado prestado atrav\u00e9s da navega\u00e7\u00e3o no nosso s\u00edtio Web e da aceita\u00e7\u00e3o da pol\u00edtica de privacidade.<\/p>\n<\/div><div class=\"fusion-text fusion-text-5 fusion-text-no-margin\" style=\"--awb-margin-bottom:3%;\"><p><strong>4. OS SEUS DADOS SER\u00c3O TRANSMITIDOS A TERCEIROS?<\/strong><\/p>\n<p>Em geral, nenhum dado ser\u00e1 cedido a terceiros, exceto se for exigido por lei ou no caso de ser necess\u00e1rio para satisfazer o seu pedido. No entanto, em certas ocasi\u00f5es, a VERDNATURA poder\u00e1 solicitar o seu consentimento para efetuar a cess\u00e3o de alguma informa\u00e7\u00e3o por ser considerada oportuna ou interessante. Este consentimento pode ser revogado em qualquer altura para a VERDNATURA<\/p>\n<p>Apenas a informa\u00e7\u00e3o pessoal ser\u00e1 disponibilizada a terceiros com os quais a VERDNATURA mant\u00e9m uma rela\u00e7\u00e3o para fornecer produtos ou servi\u00e7os aos nossos utilizadores, para oferecer ou melhorar os seus produtos, servi\u00e7os, ou para fins publicit\u00e1rios.<\/p>\n<p>O utilizador \u00e9 informado de que os seus dados ser\u00e3o transferidos para as entidades colaboradoras quando necess\u00e1rio para fornecer os servi\u00e7os seleccionados.<\/p>\n<\/div><div class=\"fusion-text fusion-text-6 fusion-text-no-margin\" style=\"--awb-margin-bottom:3%;\"><p><strong>5. QUAIS S\u00c3O OS DIREITOS QUE LHE ASSISTEM E COMO OS PODE EXERCER?<\/strong><\/p>\n<p>Pode exercer perante a VERDNATURA os seus direitos de acesso, retifica\u00e7\u00e3o dos dados inexactos, cancelamento quando, entre outros motivos, os dados j\u00e1 n\u00e3o forem necess\u00e1rios para os fins para os quais foram recolhidos, oposi\u00e7\u00e3o ao tratamento dos seus dados, portabilidade dos seus dados para outro respons\u00e1vel pelo tratamento e limita\u00e7\u00e3o do tratamento dos seus dados em conformidade com a legisla\u00e7\u00e3o vigente em mat\u00e9ria de prote\u00e7\u00e3o de dados. Pode revogar o seu consentimento em qualquer altura junto da VERDNATURA.<\/p>\n<p>Para exercer os seus direitos, pode enviar uma carta indicando o direito que pretende exercer e para que ficheiro, acompanhada de uma c\u00f3pia do seu documento de identifica\u00e7\u00e3o. Pode enviar estes documentos e o endere\u00e7o ou forma de contacto para efeitos de notifica\u00e7\u00e3o no seguinte endere\u00e7o de correio eletr\u00f3nico info@verdnatura.es<\/p>\n<p>A VERDNATURA responder\u00e1 ao exerc\u00edcio dos direitos no prazo de um m\u00eas a partir da rece\u00e7\u00e3o do pedido, de acordo com a normativa vigente em mat\u00e9ria de Prote\u00e7\u00e3o de Dados. Este prazo pode ser prorrogado por mais dois meses, se necess\u00e1rio, tendo em conta a complexidade e o n\u00famero de pedidos. Inform\u00e1-lo-emos de qualquer prorroga\u00e7\u00e3o no prazo de um m\u00eas a contar da rece\u00e7\u00e3o do pedido, indicando os motivos do atraso.<\/p>\n<p>As pessoas em causa t\u00eam tamb\u00e9m o direito de apresentar queixa \u00e0 Autoridade de Controlo (Ag\u00eancia Espanhola de Prote\u00e7\u00e3o de Dados; www.agpd.es ).<\/p>\n<\/div><div class=\"fusion-text fusion-text-7 fusion-text-no-margin\" style=\"--awb-margin-bottom:3%;\"><p><strong>6. QUANDO \u00c9 QUE RECOLHEMOS OS SEUS DADOS?<\/strong><\/p>\n<p>O utilizador fornece dados pessoais ao navegar no nosso s\u00edtio Web, ao utilizar o formul\u00e1rio de contacto ou ao enviar mensagens de correio eletr\u00f3nico.<\/p>\n<p>Que tipo de informa\u00e7\u00e3o tratamos dos nossos utilizadores?<\/p>\n<p>Os dados de car\u00e1cter pessoal ou de informa\u00e7\u00e3o tratados pela VERDNATURA podem ser obrigat\u00f3rios ou volunt\u00e1rios.<\/p>\n<p>Os dados obrigat\u00f3rios s\u00e3o aqueles que s\u00e3o indispens\u00e1veis para atender ao seu pedido. Todos os campos marcados com um (*) s\u00e3o de cumplimentaci\u00f3n obrigat\u00f3ria. O Utilizador garante a autenticidade e atualidade de todos os dados que comunica \u00e0 VERDNATURA e ser\u00e1 o \u00fanico respons\u00e1vel pelas manifesta\u00e7\u00f5es falsas ou inexactas que realize.<\/p>\n<p>A informa\u00e7\u00e3o volunt\u00e1ria \u00e9 aquela que o utilizador n\u00e3o est\u00e1 obrigado a facilitar para entrar em contacto connosco.<\/p>\n<\/div><div class=\"fusion-text fusion-text-8 fusion-text-no-margin\" style=\"--awb-margin-bottom:3%;\"><p><strong>7. DURANTE QUANTO TEMPO CONSERVAREMOS OS SEUS DADOS?<\/strong><\/p>\n<p>Os dados ser\u00e3o conservados enquanto o utilizador n\u00e3o revogar o seu consentimento.<\/p>\n<p>O endere\u00e7o IP obtido atrav\u00e9s dos cookies ser\u00e1 conservado durante o per\u00edodo de um ano, para demonstrar o consentimento do utilizador.<\/p>\n<p>Quanto ao prazo de conserva\u00e7\u00e3o dos cookies, pode obter mais informa\u00e7\u00e3o no site da VERDNATURA.<\/p>\n<p>Nos casos em que n\u00e3o seja necess\u00e1rio o consentimento, a conserva\u00e7\u00e3o dos dados ser\u00e1 efectuada durante o tempo necess\u00e1rio para a presta\u00e7\u00e3o do servi\u00e7o e durante os prazos de prescri\u00e7\u00e3o legal exigidos.<\/p>\n<\/div><div class=\"fusion-text fusion-text-9 fusion-text-no-margin\" style=\"--awb-margin-bottom:3%;\"><p><strong>8. OS MEUS DADOS EST\u00c3O SEGUROS?<\/strong><\/p>\n<p>A VERDNATURA garante a ado\u00e7\u00e3o das medidas adequadas para assegurar o tratamento confidencial dos dados acima referidos, estabelecidos tendo em conta o car\u00e1cter reservado dos mesmos.<br \/>tendo em conta o car\u00e1cter confidencial dos dados.<\/p>\n<p>A VERDNATURA compromete-se a que tais dados permane\u00e7am secretos, tratando-os com a m\u00e1xima reserva, e declara ter implementado no seu sistema de informa\u00e7\u00e3o pol\u00edticas de seguran\u00e7a correspondentes ao tipo de dados tratados e em conformidade com as disposi\u00e7\u00f5es do Regulamento UE 2016\/679.<\/p>\n<\/div><div class=\"fusion-text fusion-text-10 fusion-text-no-margin\" style=\"--awb-margin-bottom:6%;\"><p><strong>9. LIGA\u00c7\u00d5ES A OUTROS S\u00cdTIOS WEB<\/strong><\/p>\n<p>Se optar por sair do nosso site atrav\u00e9s de liga\u00e7\u00f5es a outros sites que n\u00e3o perten\u00e7am \u00e0 nossa entidade, a VERDNATURA n\u00e3o ser\u00e1 respons\u00e1vel pelas pol\u00edticas de privacidade desses sites ou pelos cookies que estes possam armazenar no computador do utilizador.<\/p>\n<\/div><div class=\"fusion-title title fusion-title-2 fusion-sep-none fusion-title-text fusion-title-size-five\" style=\"--awb-margin-bottom:4%;--awb-margin-top-small:20px;--awb-margin-right-small:0px;--awb-margin-bottom-small:20px;--awb-margin-left-small:0px;\"><h5 class=\"fusion-title-heading title-heading-left fusion-responsive-typography-calculated\" style=\"margin:0;--fontSize:20;--minFontSize:20;line-height:var(--awb-typography1-line-height);\"><h5>AVISO LEGAL<\/h5><\/h5><\/div><div class=\"fusion-text fusion-text-11 fusion-text-no-margin\" style=\"--awb-margin-bottom:10%;\"><p>Em cumprimento do artigo 10 da Lei 34\/2002, de 11 de julho, de Servi\u00e7os da Sociedade da Informa\u00e7\u00e3o e Com\u00e9rcio Eletr\u00f3nico, informamos que o dom\u00ednio www.verdnatura.es \u00e9 propriedade de VERDNATURA LEVANTE, S.L.U. com domic\u00edlio em C\/ Fenollar n\u00ba 2 46680 &#8211; Valencia, NIF: B97367486. Inscrita no Registo Comercial de Val\u00eancia, tomo 8041, livro 5334, f\u00f3lio 160, folha V-102076.<\/p>\n<\/div><\/div><\/div><\/div><\/div>\n","protected":false},"excerpt":{"rendered":"","protected":false},"author":3,"featured_media":0,"parent":0,"menu_order":0,"comment_status":"closed","ping_status":"closed","template":"","meta":{"_acf_changed":false,"footnotes":""},"class_list":["post-10052","page","type-page","status-publish","hentry"],"acf":[],"yoast_head":"<!-- This site is optimized with the Yoast SEO plugin v27.1.1 - https:\/\/yoast.com\/product\/yoast-seo-wordpress\/ -->\n<title>Pol\u00edtica de Privacidad - Verdnatura<\/title>\n<meta name=\"robots\" content=\"index, follow, max-snippet:-1, max-image-preview:large, max-video-preview:-1\" \/>\n<link rel=\"canonical\" href=\"https:\/\/verdnatura.es\/pt-pt\/privacy-policy\/\" \/>\n<meta property=\"og:locale\" content=\"pt_PT\" \/>\n<meta property=\"og:type\" content=\"article\" \/>\n<meta property=\"og:title\" content=\"Pol\u00edtica de Privacidad - Verdnatura\" \/>\n<meta property=\"og:url\" content=\"https:\/\/verdnatura.es\/pt-pt\/privacy-policy\/\" \/>\n<meta property=\"og:site_name\" content=\"Verdnatura\" \/>\n<meta property=\"article:publisher\" content=\"http:\/\/www.facebook.com\/verdnatura\" \/>\n<meta property=\"article:modified_time\" content=\"2024-07-12T06:22:38+00:00\" \/>\n<meta name=\"twitter:card\" content=\"summary_large_image\" \/>\n<meta name=\"twitter:label1\" content=\"Tempo estimado de leitura\" \/>\n\t<meta name=\"twitter:data1\" content=\"10 minutos\" \/>\n<script type=\"application\/ld+json\" class=\"yoast-schema-graph\">{\"@context\":\"https:\/\/schema.org\",\"@graph\":[{\"@type\":\"WebPage\",\"@id\":\"https:\/\/verdnatura.es\/pt-pt\/privacy-policy\/\",\"url\":\"https:\/\/verdnatura.es\/pt-pt\/privacy-policy\/\",\"name\":\"Pol\u00edtica de Privacidad - Verdnatura\",\"isPartOf\":{\"@id\":\"https:\/\/verdnatura.es\/pt-pt\/#website\"},\"datePublished\":\"2022-10-10T07:30:44+00:00\",\"dateModified\":\"2024-07-12T06:22:38+00:00\",\"breadcrumb\":{\"@id\":\"https:\/\/verdnatura.es\/pt-pt\/privacy-policy\/#breadcrumb\"},\"inLanguage\":\"pt-PT\",\"potentialAction\":[{\"@type\":\"ReadAction\",\"target\":[\"https:\/\/verdnatura.es\/pt-pt\/privacy-policy\/\"]}]},{\"@type\":\"BreadcrumbList\",\"@id\":\"https:\/\/verdnatura.es\/pt-pt\/privacy-policy\/#breadcrumb\",\"itemListElement\":[{\"@type\":\"ListItem\",\"position\":1,\"name\":\"Portada\",\"item\":\"https:\/\/verdnatura.es\/pt-pt\/\"},{\"@type\":\"ListItem\",\"position\":2,\"name\":\"Pol\u00edtica de Privacidad\"}]},{\"@type\":\"WebSite\",\"@id\":\"https:\/\/verdnatura.es\/pt-pt\/#website\",\"url\":\"https:\/\/verdnatura.es\/pt-pt\/\",\"name\":\"Verdnatura\",\"description\":\"Mayorista de flores y plantas\",\"publisher\":{\"@id\":\"https:\/\/verdnatura.es\/pt-pt\/#organization\"},\"potentialAction\":[{\"@type\":\"SearchAction\",\"target\":{\"@type\":\"EntryPoint\",\"urlTemplate\":\"https:\/\/verdnatura.es\/pt-pt\/?s={search_term_string}\"},\"query-input\":{\"@type\":\"PropertyValueSpecification\",\"valueRequired\":true,\"valueName\":\"search_term_string\"}}],\"inLanguage\":\"pt-PT\"},{\"@type\":\"Organization\",\"@id\":\"https:\/\/verdnatura.es\/pt-pt\/#organization\",\"name\":\"Verdnatura Levante SL\",\"url\":\"https:\/\/verdnatura.es\/pt-pt\/\",\"logo\":{\"@type\":\"ImageObject\",\"inLanguage\":\"pt-PT\",\"@id\":\"https:\/\/verdnatura.es\/pt-pt\/#\/schema\/logo\/image\/\",\"url\":\"https:\/\/verdnatura.es\/wp-content\/uploads\/2023\/12\/Marca-sin-fondo.png\",\"contentUrl\":\"https:\/\/verdnatura.es\/wp-content\/uploads\/2023\/12\/Marca-sin-fondo.png\",\"width\":1000,\"height\":630,\"caption\":\"Verdnatura Levante SL\"},\"image\":{\"@id\":\"https:\/\/verdnatura.es\/pt-pt\/#\/schema\/logo\/image\/\"},\"sameAs\":[\"http:\/\/www.facebook.com\/verdnatura\",\"https:\/\/www.instagram.com\/verdnatura\",\"https:\/\/www.linkedin.com\/company\/verdnatura\"]}]}<\/script>\n<!-- \/ Yoast SEO plugin. -->","yoast_head_json":{"title":"Pol\u00edtica de Privacidad - Verdnatura","robots":{"index":"index","follow":"follow","max-snippet":"max-snippet:-1","max-image-preview":"max-image-preview:large","max-video-preview":"max-video-preview:-1"},"canonical":"https:\/\/verdnatura.es\/pt-pt\/privacy-policy\/","og_locale":"pt_PT","og_type":"article","og_title":"Pol\u00edtica de Privacidad - Verdnatura","og_url":"https:\/\/verdnatura.es\/pt-pt\/privacy-policy\/","og_site_name":"Verdnatura","article_publisher":"http:\/\/www.facebook.com\/verdnatura","article_modified_time":"2024-07-12T06:22:38+00:00","twitter_card":"summary_large_image","twitter_misc":{"Tempo estimado de leitura":"10 minutos"},"schema":{"@context":"https:\/\/schema.org","@graph":[{"@type":"WebPage","@id":"https:\/\/verdnatura.es\/pt-pt\/privacy-policy\/","url":"https:\/\/verdnatura.es\/pt-pt\/privacy-policy\/","name":"Pol\u00edtica de Privacidad - Verdnatura","isPartOf":{"@id":"https:\/\/verdnatura.es\/pt-pt\/#website"},"datePublished":"2022-10-10T07:30:44+00:00","dateModified":"2024-07-12T06:22:38+00:00","breadcrumb":{"@id":"https:\/\/verdnatura.es\/pt-pt\/privacy-policy\/#breadcrumb"},"inLanguage":"pt-PT","potentialAction":[{"@type":"ReadAction","target":["https:\/\/verdnatura.es\/pt-pt\/privacy-policy\/"]}]},{"@type":"BreadcrumbList","@id":"https:\/\/verdnatura.es\/pt-pt\/privacy-policy\/#breadcrumb","itemListElement":[{"@type":"ListItem","position":1,"name":"Portada","item":"https:\/\/verdnatura.es\/pt-pt\/"},{"@type":"ListItem","position":2,"name":"Pol\u00edtica de Privacidad"}]},{"@type":"WebSite","@id":"https:\/\/verdnatura.es\/pt-pt\/#website","url":"https:\/\/verdnatura.es\/pt-pt\/","name":"Verdnatura","description":"Mayorista de flores y plantas","publisher":{"@id":"https:\/\/verdnatura.es\/pt-pt\/#organization"},"potentialAction":[{"@type":"SearchAction","target":{"@type":"EntryPoint","urlTemplate":"https:\/\/verdnatura.es\/pt-pt\/?s={search_term_string}"},"query-input":{"@type":"PropertyValueSpecification","valueRequired":true,"valueName":"search_term_string"}}],"inLanguage":"pt-PT"},{"@type":"Organization","@id":"https:\/\/verdnatura.es\/pt-pt\/#organization","name":"Verdnatura Levante SL","url":"https:\/\/verdnatura.es\/pt-pt\/","logo":{"@type":"ImageObject","inLanguage":"pt-PT","@id":"https:\/\/verdnatura.es\/pt-pt\/#\/schema\/logo\/image\/","url":"https:\/\/verdnatura.es\/wp-content\/uploads\/2023\/12\/Marca-sin-fondo.png","contentUrl":"https:\/\/verdnatura.es\/wp-content\/uploads\/2023\/12\/Marca-sin-fondo.png","width":1000,"height":630,"caption":"Verdnatura Levante SL"},"image":{"@id":"https:\/\/verdnatura.es\/pt-pt\/#\/schema\/logo\/image\/"},"sameAs":["http:\/\/www.facebook.com\/verdnatura","https:\/\/www.instagram.com\/verdnatura","https:\/\/www.linkedin.com\/company\/verdnatura"]}]}},"_links":{"self":[{"href":"https:\/\/verdnatura.es\/pt-pt\/wp-json\/wp\/v2\/pages\/10052","targetHints":{"allow":["GET"]}}],"collection":[{"href":"https:\/\/verdnatura.es\/pt-pt\/wp-json\/wp\/v2\/pages"}],"about":[{"href":"https:\/\/verdnatura.es\/pt-pt\/wp-json\/wp\/v2\/types\/page"}],"author":[{"embeddable":true,"href":"https:\/\/verdnatura.es\/pt-pt\/wp-json\/wp\/v2\/users\/3"}],"replies":[{"embeddable":true,"href":"https:\/\/verdnatura.es\/pt-pt\/wp-json\/wp\/v2\/comments?post=10052"}],"version-history":[{"count":1,"href":"https:\/\/verdnatura.es\/pt-pt\/wp-json\/wp\/v2\/pages\/10052\/revisions"}],"predecessor-version":[{"id":10055,"href":"https:\/\/verdnatura.es\/pt-pt\/wp-json\/wp\/v2\/pages\/10052\/revisions\/10055"}],"wp:attachment":[{"href":"https:\/\/verdnatura.es\/pt-pt\/wp-json\/wp\/v2\/media?parent=10052"}],"curies":[{"name":"wp","href":"https:\/\/api.w.org\/{rel}","templated":true}]}}