{"id":41949,"date":"2026-04-17T11:34:26","date_gmt":"2026-04-17T09:34:26","guid":{"rendered":"https:\/\/verdnatura.es\/?page_id=41949"},"modified":"2026-04-17T14:07:28","modified_gmt":"2026-04-17T12:07:28","slug":"taxa-reduzida-de-iva","status":"publish","type":"page","link":"https:\/\/verdnatura.es\/pt-pt\/taxa-reduzida-de-iva\/","title":{"rendered":"Taxa Reduzida de IVA"},"content":{"rendered":"<div class=\"fusion-fullwidth fullwidth-box fusion-builder-row-1 fusion-flex-container has-pattern-background has-mask-background nonhundred-percent-fullwidth non-hundred-percent-height-scrolling\" style=\"--awb-border-radius-top-left:0px;--awb-border-radius-top-right:0px;--awb-border-radius-bottom-right:0px;--awb-border-radius-bottom-left:0px;--awb-padding-right:15%;--awb-padding-bottom:15%;--awb-padding-left:15%;--awb-padding-right-small:2%;--awb-padding-left-small:2%;--awb-flex-wrap:wrap;\" ><div class=\"fusion-builder-row fusion-row fusion-flex-align-items-flex-start fusion-flex-justify-content-center fusion-flex-content-wrap\" style=\"max-width:1352px;margin-left: calc(-4% \/ 2 );margin-right: calc(-4% \/ 2 );\"><div class=\"fusion-layout-column fusion_builder_column fusion-builder-column-0 fusion_builder_column_1_1 1_1 fusion-flex-column\" style=\"--awb-bg-size:cover;--awb-width-large:100%;--awb-margin-top-large:0px;--awb-spacing-right-large:1.92%;--awb-margin-bottom-large:0px;--awb-spacing-left-large:1.92%;--awb-width-medium:100%;--awb-order-medium:0;--awb-spacing-right-medium:1.92%;--awb-spacing-left-medium:1.92%;--awb-width-small:100%;--awb-order-small:0;--awb-spacing-right-small:1.92%;--awb-spacing-left-small:1.92%;\"><div class=\"fusion-column-wrapper fusion-column-has-shadow fusion-flex-justify-content-flex-start fusion-content-layout-column\"><div class=\"fusion-text fusion-text-1\"><h1 style=\"text-align: center; margin-top: 40px;\">Justifica\u00e7\u00e3o T\u00e9cnica e Jur\u00eddica: Aplica\u00e7\u00e3o da Taxa Reduzida de IVA<\/h1>\n<\/div><div class=\"fusion-separator fusion-full-width-sep\" style=\"align-self: center;margin-left: auto;margin-right: auto;margin-top:20px;margin-bottom:20px;width:100%;\"><div class=\"fusion-separator-border sep-single sep-solid\" style=\"--awb-height:20px;--awb-amount:20px;--awb-sep-color:var(--awb-color5);border-color:var(--awb-color5);border-top-width:3px;\"><\/div><\/div><div class=\"fusion-text fusion-text-2\"><p>Este documento tem como objetivo informar os nossos clientes sobre os crit\u00e9rios aplicados na determina\u00e7\u00e3o da taxa de Imposto sobre o Valor Acrescentado (IVA) aplic\u00e1vel aos nossos produtos, baseando-nos estritamente na legisla\u00e7\u00e3o em vigor e em interpreta\u00e7\u00f5es t\u00e9cnicas validadas.<\/p>\n<\/div><div class=\"fusion-separator fusion-full-width-sep\" style=\"align-self: center;margin-left: auto;margin-right: auto;margin-top:20px;margin-bottom:20px;width:100%;\"><div class=\"fusion-separator-border sep-single sep-solid\" style=\"--awb-height:20px;--awb-amount:20px;--awb-sep-color:var(--awb-color5);border-color:var(--awb-color5);border-top-width:3px;\"><\/div><\/div><div class=\"awb-toc-el awb-toc-el--1\" data-awb-toc-id=\"1\" data-awb-toc-options=\"{&quot;allowed_heading_tags&quot;:{&quot;h2&quot;:0},&quot;ignore_headings&quot;:&quot;&quot;,&quot;ignore_headings_words&quot;:&quot;&quot;,&quot;enable_cache&quot;:&quot;yes&quot;,&quot;highlight_current_heading&quot;:&quot;no&quot;,&quot;hide_hidden_titles&quot;:&quot;yes&quot;,&quot;limit_container&quot;:&quot;all&quot;,&quot;select_custom_headings&quot;:&quot;&quot;,&quot;icon&quot;:&quot;fa-angle-right fas&quot;,&quot;counter_type&quot;:&quot;custom_icon&quot;}\" style=\"--awb-margin-right:2%;--awb-margin-left:2%;--awb-item-text-transform:capitalize;--awb-item-color:var(--awb-color6);--awb-item-padding-right:5px;--awb-item-padding-left:5px;\"><div class=\"awb-toc-el__content\"><ul class=\"awb-toc-el__list awb-toc-el__list--0\"><li class=\"awb-toc-el__list-item\"><a class=\"awb-toc-el__item-anchor\" href=\"#enquadramentolegal\"><span class=\"awb-toc-el__item-icon fa-angle-right fas\"><\/span>1. Enquadramento Legal<\/a><\/li><li class=\"awb-toc-el__list-item\"><a class=\"awb-toc-el__item-anchor\" href=\"#interpretacaoprodutos\"><span class=\"awb-toc-el__item-icon fa-angle-right fas\"><\/span>2. Interpreta\u00e7\u00e3o e Categoriza\u00e7\u00e3o de Produtos<\/a><\/li><li class=\"awb-toc-el__list-item\"><a class=\"awb-toc-el__item-anchor\" href=\"#compromissotransparencia\"><span class=\"awb-toc-el__item-icon fa-angle-right fas\"><\/span>3. Compromisso de Transpar\u00eancia<\/a><\/li><\/ul><\/div><\/div><div class=\"fusion-separator fusion-full-width-sep\" style=\"align-self: center;margin-left: auto;margin-right: auto;margin-top:20px;margin-bottom:20px;width:100%;\"><div class=\"fusion-separator-border sep-single sep-solid\" style=\"--awb-height:20px;--awb-amount:20px;--awb-sep-color:var(--awb-color5);border-color:var(--awb-color5);border-top-width:3px;\"><\/div><\/div><div class=\"fusion-text fusion-text-3\"><h2 id=\"enquadramento-legal\" style=\"color: #1a1a1a; font-size: 30px; font-weight: bold; margin-bottom: 20px;\">1. Enquadramento Legal<\/h2>\n<p>Ao abrigo do artigo 91.\u00ba, n.\u00ba 1, al\u00ednea 8 da Lei 37\/1992 (Lei do IVA), a aplica\u00e7\u00e3o da taxa reduzida de IVA abrange:<\/p>\n<p><i>&#8220;As flores, as plantas vivas de car\u00e1ter ornamental, assim como as sementes, bolbos, estacas e outros produtos de origem exclusivamente vegetal que possam ser utilizados para o seu cultivo.&#8221;<\/i><\/p>\n<\/div><div class=\"fusion-separator fusion-full-width-sep\" style=\"align-self: center;margin-left: auto;margin-right: auto;margin-top:20px;margin-bottom:20px;width:100%;\"><div class=\"fusion-separator-border sep-single sep-solid\" style=\"--awb-height:20px;--awb-amount:20px;--awb-sep-color:var(--awb-color5);border-color:var(--awb-color5);border-top-width:3px;\"><\/div><\/div><div class=\"fusion-text fusion-text-4\"><h2 id=\"interpretacao-produtos\" style=\"color: #1a1a1a; font-size: 30px; font-weight: bold; margin-bottom: 20px;\">2. Interpreta\u00e7\u00e3o e Categoriza\u00e7\u00e3o de Produtos<\/h2>\n<p>Com base em pareceres t\u00e9cnicos e jur\u00eddicos, detalhamos a aplica\u00e7\u00e3o do imposto da seguinte forma:<\/p>\n<h3 style=\"color: #1a1a1a; font-size: 24px; font-weight: bold; margin-top: 20px; margin-bottom: 10px;\">A. Flores Naturais<\/h3>\n<p>A taxa reduzida aplica-se \u00e0s flores em qualquer estado, desde que mantenham a sua origem natural.<\/p>\n<ul>\n<li><b>Inclui:<\/b> Flores frescas, tingidas, preservadas e secas.<\/li>\n<li><b>Exclui:<\/b> Flores artificiais (sujeitas \u00e0 taxa normal).<\/li>\n<\/ul>\n<h3 style=\"color: #1a1a1a; font-size: 24px; font-weight: bold; margin-top: 20px; margin-bottom: 10px;\">B. Plantas Vivas de Car\u00e1ter Ornamental<\/h3>\n<p>Aplica-se \u00e0quelas cujo uso principal \u00e9 a decora\u00e7\u00e3o. Importa salientar que outras plantas (culin\u00e1rias ou hort\u00edcolas) tamb\u00e9m beneficiam da taxa reduzida ao abrigo de outros artigos da mesma Lei.<\/p>\n<ul>\n<li><b>Inclui:<\/b> Plantas ornamentais, musgos, l\u00edquenes e algas, desde que se encontrem vivas.<\/li>\n<li><b>Exclui:<\/b> Plantas secas, preservadas e artificiais.<\/li>\n<\/ul>\n<h3 style=\"color: #1a1a1a; font-size: 24px; font-weight: bold; margin-top: 20px; margin-bottom: 10px;\">C. Bolbos e Sementes<\/h3>\n<p>Seguem o mesmo crit\u00e9rio das flores naturais, beneficiando da taxa reduzida para promover a produ\u00e7\u00e3o agr\u00edcola e o cultivo.<\/p>\n<h3 style=\"color: #1a1a1a; font-size: 24px; font-weight: bold; margin-top: 20px; margin-bottom: 10px;\">D. Estacas e Outros Produtos Vegetais<\/h3>\n<p>Nesta categoria incluem-se produtos de origem exclusivamente vegetal que permitam a obten\u00e7\u00e3o de novas plantas.<\/p>\n<ul>\n<li><b>Inclui:<\/b> Frutos frescos, rizomas, ra\u00edzes, ramos e folhas (devido \u00e0 sua capacidade vegetativa).<\/li>\n<li><b>Exclui:<\/b> Os mesmos elementos caso estejam tingidos, preservados ou secos, uma vez que perderam as suas propriedades de reprodu\u00e7\u00e3o ou crescimento.<\/li>\n<\/ul>\n<\/div><div class=\"fusion-separator fusion-full-width-sep\" style=\"align-self: center;margin-left: auto;margin-right: auto;margin-top:20px;margin-bottom:20px;width:100%;\"><div class=\"fusion-separator-border sep-single sep-solid\" style=\"--awb-height:20px;--awb-amount:20px;--awb-sep-color:var(--awb-color5);border-color:var(--awb-color5);border-top-width:3px;\"><\/div><\/div><div class=\"fusion-text fusion-text-5\"><h2 id=\"compromisso-transparencia\" style=\"color: #1a1a1a; font-size: 30px; font-weight: bold; margin-bottom: 20px;\">3. Compromisso de Transpar\u00eancia<\/h2>\n<p>Esta estrutura fiscal \u00e9 a que aplicamos atualmente em todas as nossas opera\u00e7\u00f5es comerciais. Caso necessite de algum esclarecimento adicional ou detete alguma discrep\u00e2ncia, agradecemos que entre em contacto connosco atrav\u00e9s do e-mail <a style=\"color: #8cc63f; text-decoration: underline;\" href=\"mailto:clientes@verdnatura.es\">clientes@verdnatura.es<\/a>.<\/p>\n<p><b>Nota:<\/b> Este documento tem car\u00e1ter meramente informativo e baseia-se na atual interpreta\u00e7\u00e3o da legisla\u00e7\u00e3o fiscal.<\/p>\n<\/div><\/div><\/div><\/div><\/div>\n","protected":false},"excerpt":{"rendered":"","protected":false},"author":7,"featured_media":0,"parent":0,"menu_order":0,"comment_status":"closed","ping_status":"closed","template":"100-width.php","meta":{"_acf_changed":false,"footnotes":""},"class_list":["post-41949","page","type-page","status-publish","hentry"],"acf":[],"yoast_head":"<!-- This site is optimized with the Yoast SEO plugin v27.1.1 - https:\/\/yoast.com\/product\/yoast-seo-wordpress\/ -->\n<title>Taxa Reduzida de IVA - Verdnatura<\/title>\n<meta name=\"robots\" content=\"index, follow, max-snippet:-1, max-image-preview:large, max-video-preview:-1\" \/>\n<link rel=\"canonical\" href=\"https:\/\/verdnatura.es\/pt-pt\/taxa-reduzida-de-iva\/\" \/>\n<meta property=\"og:locale\" content=\"pt_PT\" \/>\n<meta property=\"og:type\" content=\"article\" \/>\n<meta property=\"og:title\" content=\"Taxa Reduzida de IVA - Verdnatura\" \/>\n<meta property=\"og:url\" content=\"https:\/\/verdnatura.es\/pt-pt\/taxa-reduzida-de-iva\/\" \/>\n<meta property=\"og:site_name\" content=\"Verdnatura\" \/>\n<meta property=\"article:publisher\" content=\"http:\/\/www.facebook.com\/verdnatura\" \/>\n<meta property=\"article:modified_time\" content=\"2026-04-17T12:07:28+00:00\" \/>\n<meta name=\"twitter:card\" content=\"summary_large_image\" \/>\n<meta name=\"twitter:label1\" content=\"Tempo estimado de leitura\" \/>\n\t<meta name=\"twitter:data1\" content=\"2 minutos\" \/>\n<script type=\"application\/ld+json\" class=\"yoast-schema-graph\">{\"@context\":\"https:\/\/schema.org\",\"@graph\":[{\"@type\":\"WebPage\",\"@id\":\"https:\/\/verdnatura.es\/pt-pt\/taxa-reduzida-de-iva\/\",\"url\":\"https:\/\/verdnatura.es\/pt-pt\/taxa-reduzida-de-iva\/\",\"name\":\"Taxa Reduzida de IVA - Verdnatura\",\"isPartOf\":{\"@id\":\"https:\/\/verdnatura.es\/pt-pt\/#website\"},\"datePublished\":\"2026-04-17T09:34:26+00:00\",\"dateModified\":\"2026-04-17T12:07:28+00:00\",\"breadcrumb\":{\"@id\":\"https:\/\/verdnatura.es\/pt-pt\/taxa-reduzida-de-iva\/#breadcrumb\"},\"inLanguage\":\"pt-PT\",\"potentialAction\":[{\"@type\":\"ReadAction\",\"target\":[\"https:\/\/verdnatura.es\/pt-pt\/taxa-reduzida-de-iva\/\"]}]},{\"@type\":\"BreadcrumbList\",\"@id\":\"https:\/\/verdnatura.es\/pt-pt\/taxa-reduzida-de-iva\/#breadcrumb\",\"itemListElement\":[{\"@type\":\"ListItem\",\"position\":1,\"name\":\"Portada\",\"item\":\"https:\/\/verdnatura.es\/pt-pt\/\"},{\"@type\":\"ListItem\",\"position\":2,\"name\":\"Taxa Reduzida de IVA\"}]},{\"@type\":\"WebSite\",\"@id\":\"https:\/\/verdnatura.es\/pt-pt\/#website\",\"url\":\"https:\/\/verdnatura.es\/pt-pt\/\",\"name\":\"Verdnatura\",\"description\":\"Mayorista de flores y plantas\",\"publisher\":{\"@id\":\"https:\/\/verdnatura.es\/pt-pt\/#organization\"},\"potentialAction\":[{\"@type\":\"SearchAction\",\"target\":{\"@type\":\"EntryPoint\",\"urlTemplate\":\"https:\/\/verdnatura.es\/pt-pt\/?s={search_term_string}\"},\"query-input\":{\"@type\":\"PropertyValueSpecification\",\"valueRequired\":true,\"valueName\":\"search_term_string\"}}],\"inLanguage\":\"pt-PT\"},{\"@type\":\"Organization\",\"@id\":\"https:\/\/verdnatura.es\/pt-pt\/#organization\",\"name\":\"Verdnatura Levante SL\",\"url\":\"https:\/\/verdnatura.es\/pt-pt\/\",\"logo\":{\"@type\":\"ImageObject\",\"inLanguage\":\"pt-PT\",\"@id\":\"https:\/\/verdnatura.es\/pt-pt\/#\/schema\/logo\/image\/\",\"url\":\"https:\/\/verdnatura.es\/wp-content\/uploads\/2023\/12\/Marca-sin-fondo.png\",\"contentUrl\":\"https:\/\/verdnatura.es\/wp-content\/uploads\/2023\/12\/Marca-sin-fondo.png\",\"width\":1000,\"height\":630,\"caption\":\"Verdnatura Levante SL\"},\"image\":{\"@id\":\"https:\/\/verdnatura.es\/pt-pt\/#\/schema\/logo\/image\/\"},\"sameAs\":[\"http:\/\/www.facebook.com\/verdnatura\",\"https:\/\/www.instagram.com\/verdnatura\",\"https:\/\/www.linkedin.com\/company\/verdnatura\"]}]}<\/script>\n<!-- \/ Yoast SEO plugin. -->","yoast_head_json":{"title":"Taxa Reduzida de IVA - Verdnatura","robots":{"index":"index","follow":"follow","max-snippet":"max-snippet:-1","max-image-preview":"max-image-preview:large","max-video-preview":"max-video-preview:-1"},"canonical":"https:\/\/verdnatura.es\/pt-pt\/taxa-reduzida-de-iva\/","og_locale":"pt_PT","og_type":"article","og_title":"Taxa Reduzida de IVA - Verdnatura","og_url":"https:\/\/verdnatura.es\/pt-pt\/taxa-reduzida-de-iva\/","og_site_name":"Verdnatura","article_publisher":"http:\/\/www.facebook.com\/verdnatura","article_modified_time":"2026-04-17T12:07:28+00:00","twitter_card":"summary_large_image","twitter_misc":{"Tempo estimado de leitura":"2 minutos"},"schema":{"@context":"https:\/\/schema.org","@graph":[{"@type":"WebPage","@id":"https:\/\/verdnatura.es\/pt-pt\/taxa-reduzida-de-iva\/","url":"https:\/\/verdnatura.es\/pt-pt\/taxa-reduzida-de-iva\/","name":"Taxa Reduzida de IVA - Verdnatura","isPartOf":{"@id":"https:\/\/verdnatura.es\/pt-pt\/#website"},"datePublished":"2026-04-17T09:34:26+00:00","dateModified":"2026-04-17T12:07:28+00:00","breadcrumb":{"@id":"https:\/\/verdnatura.es\/pt-pt\/taxa-reduzida-de-iva\/#breadcrumb"},"inLanguage":"pt-PT","potentialAction":[{"@type":"ReadAction","target":["https:\/\/verdnatura.es\/pt-pt\/taxa-reduzida-de-iva\/"]}]},{"@type":"BreadcrumbList","@id":"https:\/\/verdnatura.es\/pt-pt\/taxa-reduzida-de-iva\/#breadcrumb","itemListElement":[{"@type":"ListItem","position":1,"name":"Portada","item":"https:\/\/verdnatura.es\/pt-pt\/"},{"@type":"ListItem","position":2,"name":"Taxa Reduzida de IVA"}]},{"@type":"WebSite","@id":"https:\/\/verdnatura.es\/pt-pt\/#website","url":"https:\/\/verdnatura.es\/pt-pt\/","name":"Verdnatura","description":"Mayorista de flores y plantas","publisher":{"@id":"https:\/\/verdnatura.es\/pt-pt\/#organization"},"potentialAction":[{"@type":"SearchAction","target":{"@type":"EntryPoint","urlTemplate":"https:\/\/verdnatura.es\/pt-pt\/?s={search_term_string}"},"query-input":{"@type":"PropertyValueSpecification","valueRequired":true,"valueName":"search_term_string"}}],"inLanguage":"pt-PT"},{"@type":"Organization","@id":"https:\/\/verdnatura.es\/pt-pt\/#organization","name":"Verdnatura Levante SL","url":"https:\/\/verdnatura.es\/pt-pt\/","logo":{"@type":"ImageObject","inLanguage":"pt-PT","@id":"https:\/\/verdnatura.es\/pt-pt\/#\/schema\/logo\/image\/","url":"https:\/\/verdnatura.es\/wp-content\/uploads\/2023\/12\/Marca-sin-fondo.png","contentUrl":"https:\/\/verdnatura.es\/wp-content\/uploads\/2023\/12\/Marca-sin-fondo.png","width":1000,"height":630,"caption":"Verdnatura Levante SL"},"image":{"@id":"https:\/\/verdnatura.es\/pt-pt\/#\/schema\/logo\/image\/"},"sameAs":["http:\/\/www.facebook.com\/verdnatura","https:\/\/www.instagram.com\/verdnatura","https:\/\/www.linkedin.com\/company\/verdnatura"]}]}},"_links":{"self":[{"href":"https:\/\/verdnatura.es\/pt-pt\/wp-json\/wp\/v2\/pages\/41949","targetHints":{"allow":["GET"]}}],"collection":[{"href":"https:\/\/verdnatura.es\/pt-pt\/wp-json\/wp\/v2\/pages"}],"about":[{"href":"https:\/\/verdnatura.es\/pt-pt\/wp-json\/wp\/v2\/types\/page"}],"author":[{"embeddable":true,"href":"https:\/\/verdnatura.es\/pt-pt\/wp-json\/wp\/v2\/users\/7"}],"replies":[{"embeddable":true,"href":"https:\/\/verdnatura.es\/pt-pt\/wp-json\/wp\/v2\/comments?post=41949"}],"version-history":[{"count":1,"href":"https:\/\/verdnatura.es\/pt-pt\/wp-json\/wp\/v2\/pages\/41949\/revisions"}],"predecessor-version":[{"id":41950,"href":"https:\/\/verdnatura.es\/pt-pt\/wp-json\/wp\/v2\/pages\/41949\/revisions\/41950"}],"wp:attachment":[{"href":"https:\/\/verdnatura.es\/pt-pt\/wp-json\/wp\/v2\/media?parent=41949"}],"curies":[{"name":"wp","href":"https:\/\/api.w.org\/{rel}","templated":true}]}}