{"id":6372,"date":"2022-11-10T08:49:18","date_gmt":"2022-11-10T07:49:18","guid":{"rendered":"https:\/\/blog.verdnatura.es\/registro\/"},"modified":"2023-04-24T23:53:41","modified_gmt":"2023-04-24T21:53:41","slug":"register","status":"publish","type":"page","link":"https:\/\/verdnatura.es\/pt-pt\/register\/","title":{"rendered":"Registro"},"content":{"rendered":"<p><div class=\"fusion-fullwidth fullwidth-box fusion-builder-row-1 fusion-flex-container has-pattern-background has-mask-background nonhundred-percent-fullwidth non-hundred-percent-height-scrolling\" style=\"--awb-border-radius-top-left:0px;--awb-border-radius-top-right:0px;--awb-border-radius-bottom-right:0px;--awb-border-radius-bottom-left:0px;--awb-padding-top:1.5%;--awb-padding-bottom:2%;--awb-flex-wrap:wrap;\" ><div class=\"fusion-builder-row fusion-row fusion-flex-align-items-flex-start fusion-flex-justify-content-center fusion-flex-content-wrap\" style=\"max-width:1352px;margin-left: calc(-4% \/ 2 );margin-right: calc(-4% \/ 2 );\"><div class=\"fusion-layout-column fusion_builder_column fusion-builder-column-0 fusion_builder_column_1_1 1_1 fusion-flex-column\" style=\"--awb-bg-size:cover;--awb-width-large:100%;--awb-margin-top-large:0px;--awb-spacing-right-large:1.92%;--awb-margin-bottom-large:0px;--awb-spacing-left-large:1.92%;--awb-width-medium:100%;--awb-order-medium:0;--awb-spacing-right-medium:1.92%;--awb-spacing-left-medium:1.92%;--awb-width-small:100%;--awb-order-small:0;--awb-spacing-right-small:1.92%;--awb-spacing-left-small:1.92%;\"><div class=\"fusion-column-wrapper fusion-column-has-shadow fusion-flex-justify-content-flex-start fusion-content-layout-column\"><div class=\"fusion-title title fusion-title-1 fusion-sep-none fusion-title-text fusion-title-size-three\" style=\"--awb-margin-top-small:20px;--awb-margin-right-small:0px;--awb-margin-bottom-small:20px;--awb-margin-left-small:0px;\"><h3 class=\"fusion-title-heading title-heading-left fusion-responsive-typography-calculated\" style=\"margin:0;--fontSize:28;line-height:1.2;\"><h3 style=\"text-align: center;\"><span style=\"color: #1a1a1a;\"><strong>Queres registar-te como cliente?<\/strong><\/span><\/h3><\/h3><\/div><div class=\"fusion-text fusion-text-1\"><p style=\"text-align: center;\">Est\u00e1s a somente alguns passos de poder desfrutar de produtos, pre\u00e7os e vantagens \u00fanicas.<\/p>\n<\/div><\/div><\/div><\/div><\/div><div class=\"fusion-fullwidth fullwidth-box fusion-builder-row-2 fusion-flex-container has-pattern-background has-mask-background nonhundred-percent-fullwidth non-hundred-percent-height-scrolling\" style=\"--awb-border-radius-top-left:0px;--awb-border-radius-top-right:0px;--awb-border-radius-bottom-right:0px;--awb-border-radius-bottom-left:0px;--awb-margin-bottom:4%;--awb-flex-wrap:wrap;\" ><div class=\"fusion-builder-row fusion-row fusion-flex-align-items-center fusion-flex-justify-content-center fusion-flex-content-wrap\" style=\"max-width:1339px;margin-left: calc(-3% \/ 2 );margin-right: calc(-3% \/ 2 );\"><div class=\"fusion-layout-column fusion_builder_column fusion-builder-column-1 fusion_builder_column_1_2 1_2 fusion-flex-column fusion-flex-align-self-stretch\" style=\"--awb-padding-top:6%;--awb-padding-right:5%;--awb-padding-bottom:6%;--awb-padding-left:4%;--awb-overflow:hidden;--awb-bg-color:#ededed;--awb-bg-color-hover:#ededed;--awb-bg-size:cover;--awb-border-radius:15px 15px 15px 15px;--awb-width-large:50%;--awb-margin-top-large:0px;--awb-spacing-right-large:2.91%;--awb-margin-bottom-large:12px;--awb-spacing-left-large:2.91%;--awb-width-medium:50%;--awb-order-medium:0;--awb-spacing-right-medium:2.91%;--awb-spacing-left-medium:2.91%;--awb-width-small:100%;--awb-order-small:0;--awb-spacing-right-small:1.455%;--awb-spacing-left-small:1.455%;\"><div class=\"fusion-column-wrapper fusion-column-has-shadow fusion-flex-justify-content-center fusion-content-layout-column\"><i class=\"fb-icon-element-1 fb-icon-element fontawesome-icon fa-user-tag fas circle-yes\" style=\"--awb-circlebordersize:1px;--awb-font-size:39.6px;--awb-width:79.2px;--awb-height:79.2px;--awb-line-height:77.2px;--awb-margin-top:0;--awb-margin-right:0;--awb-margin-bottom:0;--awb-margin-left:0;--awb-align-self:center;\"><\/i><div class=\"fusion-title title fusion-title-2 fusion-sep-none fusion-title-text fusion-title-size-four\" style=\"--awb-margin-bottom:5%;--awb-margin-top-small:20px;--awb-margin-right-small:0px;--awb-margin-bottom-small:20px;--awb-margin-left-small:0px;\"><h4 class=\"fusion-title-heading title-heading-left fusion-responsive-typography-calculated\" style=\"margin:0;--fontSize:30;line-height:1.2;\"><h4 style=\"text-align: center;\"><span style=\"color: #1a1a1a;\">\u00c9s particular?<\/span><\/h4><\/h4><\/div><div class=\"fusion-text fusion-text-2\"><p style=\"text-align: center;\">O nosso servi\u00e7o de venda \u00e9 exclusivo a profissionais (aut\u00f3nomo ou empresa). N\u00e3o vendemos a particulares.<\/p>\n<\/div><\/div><\/div><div class=\"fusion-layout-column fusion_builder_column fusion-builder-column-2 fusion_builder_column_1_2 1_2 fusion-flex-column fusion-flex-align-self-stretch\" style=\"--awb-padding-top:6%;--awb-padding-right:5%;--awb-padding-bottom:6%;--awb-padding-left:4%;--awb-overflow:hidden;--awb-bg-color:#ededed;--awb-bg-color-hover:#ededed;--awb-bg-size:cover;--awb-border-radius:15px 15px 15px 15px;--awb-width-large:50%;--awb-margin-top-large:0px;--awb-spacing-right-large:2.91%;--awb-margin-bottom-large:12px;--awb-spacing-left-large:2.91%;--awb-width-medium:50%;--awb-order-medium:0;--awb-spacing-right-medium:2.91%;--awb-spacing-left-medium:2.91%;--awb-width-small:100%;--awb-order-small:0;--awb-spacing-right-small:1.455%;--awb-spacing-left-small:1.455%;\"><div class=\"fusion-column-wrapper fusion-column-has-shadow fusion-flex-justify-content-center fusion-content-layout-column\"><i class=\"fb-icon-element-2 fb-icon-element fontawesome-icon fa-store-alt fas circle-yes\" style=\"--awb-circlebordersize:1px;--awb-font-size:39.6px;--awb-width:79.2px;--awb-height:79.2px;--awb-line-height:77.2px;--awb-margin-top:0;--awb-margin-right:0;--awb-margin-bottom:0;--awb-margin-left:0;--awb-align-self:center;\"><\/i><div class=\"fusion-title title fusion-title-3 fusion-sep-none fusion-title-text fusion-title-size-four\" style=\"--awb-margin-bottom:5%;--awb-margin-top-small:20px;--awb-margin-right-small:0px;--awb-margin-bottom-small:20px;--awb-margin-left-small:0px;\"><h4 class=\"fusion-title-heading title-heading-left fusion-responsive-typography-calculated\" style=\"margin:0;--fontSize:30;line-height:1.2;\"><h4 style=\"text-align: center;\"><span style=\"color: #1a1a1a;\">\u00c9s empresa?<\/span><\/h4><\/h4><\/div><div class=\"fusion-text fusion-text-3\"><p style=\"text-align: center;\">Se se trata de uma compra pontual recomendamos-te tratar com um florista ou empresa de decora\u00e7\u00e3o especializada.<\/p>\n<\/div><\/div><\/div><\/div><\/div><div class=\"fusion-fullwidth fullwidth-box fusion-builder-row-3 fusion-flex-container has-pattern-background has-mask-background nonhundred-percent-fullwidth non-hundred-percent-height-scrolling\" style=\"--awb-border-radius-top-left:0px;--awb-border-radius-top-right:0px;--awb-border-radius-bottom-right:0px;--awb-border-radius-bottom-left:0px;--awb-padding-bottom:8%;--awb-flex-wrap:wrap;\" ><div class=\"fusion-builder-row fusion-row fusion-flex-align-items-flex-start fusion-flex-content-wrap\" style=\"max-width:1352px;margin-left: calc(-4% \/ 2 );margin-right: calc(-4% \/ 2 );\"><div class=\"fusion-layout-column fusion_builder_column fusion-builder-column-3 fusion_builder_column_1_1 1_1 fusion-flex-column\" style=\"--awb-bg-size:cover;--awb-width-large:100%;--awb-margin-top-large:0px;--awb-spacing-right-large:1.92%;--awb-margin-bottom-large:0px;--awb-spacing-left-large:1.92%;--awb-width-medium:100%;--awb-order-medium:0;--awb-spacing-right-medium:1.92%;--awb-spacing-left-medium:1.92%;--awb-width-small:100%;--awb-order-small:0;--awb-spacing-right-small:1.92%;--awb-spacing-left-small:1.92%;\"><div class=\"fusion-column-wrapper fusion-column-has-shadow fusion-flex-justify-content-flex-start fusion-content-layout-column\"><div class=\"fusion-builder-row fusion-builder-row-inner fusion-row fusion-flex-align-items-flex-start fusion-flex-content-wrap\" style=\"--awb-flex-grow:0;--awb-flex-grow-medium:0;--awb-flex-grow-small:0;--awb-flex-shrink:0;--awb-flex-shrink-medium:0;--awb-flex-shrink-small:0;width:104% !important;max-width:104% !important;margin-left: calc(-4% \/ 2 );margin-right: calc(-4% \/ 2 );\"><div class=\"fusion-layout-column fusion_builder_column_inner fusion-builder-nested-column-0 fusion_builder_column_inner_1_2 1_2 fusion-flex-column\" style=\"--awb-bg-size:cover;--awb-width-large:50%;--awb-margin-top-large:0px;--awb-spacing-right-large:3.84%;--awb-margin-bottom-large:0px;--awb-spacing-left-large:3.84%;--awb-width-medium:50%;--awb-order-medium:0;--awb-spacing-right-medium:3.84%;--awb-spacing-left-medium:3.84%;--awb-width-small:50%;--awb-order-small:0;--awb-spacing-right-small:3.84%;--awb-spacing-left-small:3.84%;\"><div class=\"fusion-column-wrapper fusion-column-has-shadow fusion-flex-justify-content-flex-start fusion-content-layout-column\"><div style=\"text-align:right;\"><a class=\"fusion-button button-flat fusion-button-default-size button-custom fusion-button-default button-1 fusion-button-default-span fusion-button-default-type\" style=\"--button_accent_color:var(--awb-color8);--button_border_color:var(--awb-color8);--button_accent_hover_color:var(--awb-color8);--button_border_hover_color:var(--awb-color8);--button_gradient_top_color:var(--awb-color1);--button_gradient_bottom_color:var(--awb-color1);--button_gradient_top_color_hover:var(--awb-color4);--button_gradient_bottom_color_hover:var(--awb-color4);--button_text_transform:capitalize;\" target=\"_self\" href=\"https:\/\/verdnatura.es\/pt-pt\/services\/\"><i class=\"fa-angle-left fas awb-button__icon awb-button__icon--default button-icon-left\" aria-hidden=\"true\"><\/i><span class=\"fusion-button-text awb-button__text awb-button__text--default\">Voltar<\/span><\/a><\/div><\/div><\/div><div class=\"fusion-layout-column fusion_builder_column_inner fusion-builder-nested-column-1 fusion_builder_column_inner_1_2 1_2 fusion-flex-column fusion-flex-align-self-center\" style=\"--awb-bg-size:cover;--awb-width-large:50%;--awb-margin-top-large:0px;--awb-spacing-right-large:3.84%;--awb-margin-bottom-large:0px;--awb-spacing-left-large:3.84%;--awb-width-medium:50%;--awb-order-medium:0;--awb-spacing-right-medium:3.84%;--awb-spacing-left-medium:3.84%;--awb-width-small:50%;--awb-order-small:0;--awb-spacing-right-small:3.84%;--awb-spacing-left-small:3.84%;\"><div class=\"fusion-column-wrapper fusion-column-has-shadow fusion-flex-justify-content-flex-start fusion-content-layout-row\"><div class=\"md-text-align-left sm-text-align-left\" style=\"text-align:right;\"><a class=\"fusion-button button-flat fusion-button-default-size button-custom fusion-button-default button-2 fusion-button-default-span fusion-button-default-type\" style=\"--button_accent_color:var(--awb-color1);--button_accent_hover_color:var(--awb-color1);--button_border_hover_color:var(--awb-color1);--button_gradient_top_color:var(--awb-color5);--button_gradient_bottom_color:var(--awb-color5);--button_gradient_top_color_hover:var(--awb-color8);--button_gradient_bottom_color_hover:var(--awb-color8);--button_text_transform:capitalize;\" target=\"_self\" href=\"https:\/\/verdnatura.es\/pt-pt\/register-form\/\"><span class=\"fusion-button-text awb-button__text awb-button__text--default\">Continuar<\/span><i class=\"fa-angle-right fas awb-button__icon awb-button__icon--default button-icon-right\" aria-hidden=\"true\"><\/i><\/a><\/div><\/div><\/div><\/div><\/div><\/div><\/div><\/div><\/p>\n","protected":false},"excerpt":{"rendered":"","protected":false},"author":3,"featured_media":0,"parent":0,"menu_order":0,"comment_status":"closed","ping_status":"closed","template":"","meta":{"_acf_changed":false,"footnotes":""},"class_list":["post-6372","page","type-page","status-publish","hentry"],"acf":[],"yoast_head":"<!-- This site is optimized with the Yoast SEO plugin v27.6 - https:\/\/yoast.com\/product\/yoast-seo-wordpress\/ -->\n<title>Registro - Verdnatura<\/title>\n<meta name=\"robots\" content=\"index, follow, max-snippet:-1, max-image-preview:large, max-video-preview:-1\" \/>\n<link rel=\"canonical\" href=\"https:\/\/verdnatura.es\/pt-pt\/register\/\" \/>\n<meta property=\"og:locale\" content=\"pt_PT\" \/>\n<meta property=\"og:type\" content=\"article\" \/>\n<meta property=\"og:title\" content=\"Registro - Verdnatura\" \/>\n<meta property=\"og:url\" content=\"https:\/\/verdnatura.es\/pt-pt\/register\/\" \/>\n<meta property=\"og:site_name\" content=\"Verdnatura\" \/>\n<meta property=\"article:publisher\" content=\"http:\/\/www.facebook.com\/verdnatura\" \/>\n<meta property=\"article:modified_time\" content=\"2023-04-24T21:53:41+00:00\" \/>\n<meta name=\"twitter:card\" content=\"summary_large_image\" \/>\n<meta name=\"twitter:label1\" content=\"Tempo estimado de leitura\" \/>\n\t<meta name=\"twitter:data1\" content=\"13 minutos\" \/>\n<script type=\"application\/ld+json\" class=\"yoast-schema-graph\">{\"@context\":\"https:\\\/\\\/schema.org\",\"@graph\":[{\"@type\":\"WebPage\",\"@id\":\"https:\\\/\\\/verdnatura.es\\\/pt-pt\\\/register\\\/\",\"url\":\"https:\\\/\\\/verdnatura.es\\\/pt-pt\\\/register\\\/\",\"name\":\"Registro - Verdnatura\",\"isPartOf\":{\"@id\":\"https:\\\/\\\/verdnatura.es\\\/pt-pt\\\/#website\"},\"datePublished\":\"2022-11-10T07:49:18+00:00\",\"dateModified\":\"2023-04-24T21:53:41+00:00\",\"breadcrumb\":{\"@id\":\"https:\\\/\\\/verdnatura.es\\\/pt-pt\\\/register\\\/#breadcrumb\"},\"inLanguage\":\"pt-PT\",\"potentialAction\":[{\"@type\":\"ReadAction\",\"target\":[\"https:\\\/\\\/verdnatura.es\\\/pt-pt\\\/register\\\/\"]}]},{\"@type\":\"BreadcrumbList\",\"@id\":\"https:\\\/\\\/verdnatura.es\\\/pt-pt\\\/register\\\/#breadcrumb\",\"itemListElement\":[{\"@type\":\"ListItem\",\"position\":1,\"name\":\"Portada\",\"item\":\"https:\\\/\\\/verdnatura.es\\\/pt-pt\\\/\"},{\"@type\":\"ListItem\",\"position\":2,\"name\":\"Registro\"}]},{\"@type\":\"WebSite\",\"@id\":\"https:\\\/\\\/verdnatura.es\\\/pt-pt\\\/#website\",\"url\":\"https:\\\/\\\/verdnatura.es\\\/pt-pt\\\/\",\"name\":\"Verdnatura\",\"description\":\"Mayorista de flores y plantas\",\"publisher\":{\"@id\":\"https:\\\/\\\/verdnatura.es\\\/pt-pt\\\/#organization\"},\"potentialAction\":[{\"@type\":\"SearchAction\",\"target\":{\"@type\":\"EntryPoint\",\"urlTemplate\":\"https:\\\/\\\/verdnatura.es\\\/pt-pt\\\/?s={search_term_string}\"},\"query-input\":{\"@type\":\"PropertyValueSpecification\",\"valueRequired\":true,\"valueName\":\"search_term_string\"}}],\"inLanguage\":\"pt-PT\"},{\"@type\":\"Organization\",\"@id\":\"https:\\\/\\\/verdnatura.es\\\/pt-pt\\\/#organization\",\"name\":\"Verdnatura Levante SL\",\"url\":\"https:\\\/\\\/verdnatura.es\\\/pt-pt\\\/\",\"logo\":{\"@type\":\"ImageObject\",\"inLanguage\":\"pt-PT\",\"@id\":\"https:\\\/\\\/verdnatura.es\\\/pt-pt\\\/#\\\/schema\\\/logo\\\/image\\\/\",\"url\":\"https:\\\/\\\/verdnatura.es\\\/wp-content\\\/uploads\\\/2023\\\/12\\\/Marca-sin-fondo.png\",\"contentUrl\":\"https:\\\/\\\/verdnatura.es\\\/wp-content\\\/uploads\\\/2023\\\/12\\\/Marca-sin-fondo.png\",\"width\":1000,\"height\":630,\"caption\":\"Verdnatura Levante SL\"},\"image\":{\"@id\":\"https:\\\/\\\/verdnatura.es\\\/pt-pt\\\/#\\\/schema\\\/logo\\\/image\\\/\"},\"sameAs\":[\"http:\\\/\\\/www.facebook.com\\\/verdnatura\",\"https:\\\/\\\/www.instagram.com\\\/verdnatura\",\"https:\\\/\\\/www.linkedin.com\\\/company\\\/verdnatura\"]}]}<\/script>\n<!-- \/ Yoast SEO plugin. -->","yoast_head_json":{"title":"Registro - Verdnatura","robots":{"index":"index","follow":"follow","max-snippet":"max-snippet:-1","max-image-preview":"max-image-preview:large","max-video-preview":"max-video-preview:-1"},"canonical":"https:\/\/verdnatura.es\/pt-pt\/register\/","og_locale":"pt_PT","og_type":"article","og_title":"Registro - Verdnatura","og_url":"https:\/\/verdnatura.es\/pt-pt\/register\/","og_site_name":"Verdnatura","article_publisher":"http:\/\/www.facebook.com\/verdnatura","article_modified_time":"2023-04-24T21:53:41+00:00","twitter_card":"summary_large_image","twitter_misc":{"Tempo estimado de leitura":"13 minutos"},"schema":{"@context":"https:\/\/schema.org","@graph":[{"@type":"WebPage","@id":"https:\/\/verdnatura.es\/pt-pt\/register\/","url":"https:\/\/verdnatura.es\/pt-pt\/register\/","name":"Registro - Verdnatura","isPartOf":{"@id":"https:\/\/verdnatura.es\/pt-pt\/#website"},"datePublished":"2022-11-10T07:49:18+00:00","dateModified":"2023-04-24T21:53:41+00:00","breadcrumb":{"@id":"https:\/\/verdnatura.es\/pt-pt\/register\/#breadcrumb"},"inLanguage":"pt-PT","potentialAction":[{"@type":"ReadAction","target":["https:\/\/verdnatura.es\/pt-pt\/register\/"]}]},{"@type":"BreadcrumbList","@id":"https:\/\/verdnatura.es\/pt-pt\/register\/#breadcrumb","itemListElement":[{"@type":"ListItem","position":1,"name":"Portada","item":"https:\/\/verdnatura.es\/pt-pt\/"},{"@type":"ListItem","position":2,"name":"Registro"}]},{"@type":"WebSite","@id":"https:\/\/verdnatura.es\/pt-pt\/#website","url":"https:\/\/verdnatura.es\/pt-pt\/","name":"Verdnatura","description":"Mayorista de flores y plantas","publisher":{"@id":"https:\/\/verdnatura.es\/pt-pt\/#organization"},"potentialAction":[{"@type":"SearchAction","target":{"@type":"EntryPoint","urlTemplate":"https:\/\/verdnatura.es\/pt-pt\/?s={search_term_string}"},"query-input":{"@type":"PropertyValueSpecification","valueRequired":true,"valueName":"search_term_string"}}],"inLanguage":"pt-PT"},{"@type":"Organization","@id":"https:\/\/verdnatura.es\/pt-pt\/#organization","name":"Verdnatura Levante SL","url":"https:\/\/verdnatura.es\/pt-pt\/","logo":{"@type":"ImageObject","inLanguage":"pt-PT","@id":"https:\/\/verdnatura.es\/pt-pt\/#\/schema\/logo\/image\/","url":"https:\/\/verdnatura.es\/wp-content\/uploads\/2023\/12\/Marca-sin-fondo.png","contentUrl":"https:\/\/verdnatura.es\/wp-content\/uploads\/2023\/12\/Marca-sin-fondo.png","width":1000,"height":630,"caption":"Verdnatura Levante SL"},"image":{"@id":"https:\/\/verdnatura.es\/pt-pt\/#\/schema\/logo\/image\/"},"sameAs":["http:\/\/www.facebook.com\/verdnatura","https:\/\/www.instagram.com\/verdnatura","https:\/\/www.linkedin.com\/company\/verdnatura"]}]}},"_links":{"self":[{"href":"https:\/\/verdnatura.es\/pt-pt\/wp-json\/wp\/v2\/pages\/6372","targetHints":{"allow":["GET"]}}],"collection":[{"href":"https:\/\/verdnatura.es\/pt-pt\/wp-json\/wp\/v2\/pages"}],"about":[{"href":"https:\/\/verdnatura.es\/pt-pt\/wp-json\/wp\/v2\/types\/page"}],"author":[{"embeddable":true,"href":"https:\/\/verdnatura.es\/pt-pt\/wp-json\/wp\/v2\/users\/3"}],"replies":[{"embeddable":true,"href":"https:\/\/verdnatura.es\/pt-pt\/wp-json\/wp\/v2\/comments?post=6372"}],"version-history":[{"count":25,"href":"https:\/\/verdnatura.es\/pt-pt\/wp-json\/wp\/v2\/pages\/6372\/revisions"}],"predecessor-version":[{"id":7001,"href":"https:\/\/verdnatura.es\/pt-pt\/wp-json\/wp\/v2\/pages\/6372\/revisions\/7001"}],"wp:attachment":[{"href":"https:\/\/verdnatura.es\/pt-pt\/wp-json\/wp\/v2\/media?parent=6372"}],"curies":[{"name":"wp","href":"https:\/\/api.w.org\/{rel}","templated":true}]}}