{"id":9840,"date":"2024-07-04T16:21:40","date_gmt":"2024-07-04T14:21:40","guid":{"rendered":"https:\/\/verdnatura.es\/politica-de-cookies\/"},"modified":"2024-07-10T08:41:36","modified_gmt":"2024-07-10T06:41:36","slug":"politica-de-cookies","status":"publish","type":"page","link":"https:\/\/verdnatura.es\/pt-pt\/politica-de-cookies\/","title":{"rendered":"Pol\u00edtica de cookies"},"content":{"rendered":"<div class=\"fusion-fullwidth fullwidth-box fusion-builder-row-1 fusion-flex-container nonhundred-percent-fullwidth non-hundred-percent-height-scrolling\" style=\"--awb-border-radius-top-left:0px;--awb-border-radius-top-right:0px;--awb-border-radius-bottom-right:0px;--awb-border-radius-bottom-left:0px;--awb-margin-top:75px;--awb-margin-bottom:87px;--awb-flex-wrap:wrap;\" ><div class=\"fusion-builder-row fusion-row fusion-flex-align-items-flex-start fusion-flex-content-wrap\" style=\"max-width:1352px;margin-left: calc(-4% \/ 2 );margin-right: calc(-4% \/ 2 );\"><div class=\"fusion-layout-column fusion_builder_column fusion-builder-column-0 fusion_builder_column_1_1 1_1 fusion-flex-column\" style=\"--awb-bg-blend:overlay;--awb-bg-size:cover;--awb-width-large:100%;--awb-margin-top-large:0px;--awb-spacing-right-large:1.92%;--awb-margin-bottom-large:0px;--awb-spacing-left-large:1.92%;--awb-width-medium:100%;--awb-spacing-right-medium:1.92%;--awb-spacing-left-medium:1.92%;--awb-width-small:100%;--awb-spacing-right-small:1.92%;--awb-spacing-left-small:1.92%;\"><div class=\"fusion-column-wrapper fusion-flex-justify-content-flex-start fusion-content-layout-column\"><div class=\"fusion-title title fusion-title-1 fusion-sep-none fusion-title-text fusion-title-size-one\" style=\"--awb-text-color:var(--awb-color5);--awb-margin-top-small:20px;--awb-margin-right-small:0px;--awb-margin-bottom-small:20px;--awb-margin-left-small:0px;--awb-font-size:25px;\"><h1 class=\"fusion-title-heading title-heading-left fusion-responsive-typography-calculated\" style=\"margin:0;font-size:1em;--fontSize:25;line-height:1.1;\"><h3>Pol\u00edtica de cookies<\/h3><\/h1><\/div><div class=\"fusion-text fusion-text-1\"><h5>Informa\u00e7\u00f5es sobre cookies<\/h5>\n<p>Na VERDNATURA LEVANTE S.L., comprometemo-nos a que a tua experi\u00eancia no nosso site seja informativa, relevante e f\u00e1cil de utilizar. Para o conseguir, utilizamos cookies e tecnologias semelhantes. Esta pol\u00edtica de cookies fornece informa\u00e7\u00f5es sobre os cookies que utilizamos, porque os utilizamos e como podes controlar a sua utiliza\u00e7\u00e3o.<\/p>\n<\/div><div class=\"fusion-text fusion-text-2\"><h5>O que s\u00e3o cookies?<\/h5>\n<p>Os cookies s\u00e3o pequenos ficheiros de texto que s\u00e3o armazenados no teu dispositivo (computador, smartphone, tablet) quando visitas determinados s\u00edtios Web. Os cookies permitem que um s\u00edtio Web memorize as tuas ac\u00e7\u00f5es e prefer\u00eancias (como o in\u00edcio de sess\u00e3o, o idioma, o tamanho do tipo de letra e outras prefer\u00eancias de visualiza\u00e7\u00e3o) durante um per\u00edodo de tempo, para que n\u00e3o tenhas de as repor sempre que regressas ao s\u00edtio ou navegas de uma p\u00e1gina para outra.<\/p>\n<\/div><div class=\"fusion-text fusion-text-3\"><h5>Tipos de cookies utilizados<\/h5>\n<p><strong>Cookies essenciais:<\/strong> Estes cookies s\u00e3o necess\u00e1rios para o funcionamento do s\u00edtio Web e n\u00e3o podem ser desactivados nos nossos sistemas. Normalmente, s\u00e3o criadas apenas em resposta a ac\u00e7\u00f5es realizadas por ti, que equivalem a um pedido de servi\u00e7os, como definir as tuas prefer\u00eancias de privacidade, iniciar sess\u00e3o ou preencher formul\u00e1rios.<\/p>\n<\/div><div class=\"fusion-text fusion-text-4\"><p><strong>Cookies de desempenho:<\/strong> Estes cookies permitem-nos contar as visitas e as fontes de tr\u00e1fego, a fim de medir e melhorar o desempenho do nosso s\u00edtio. Ajudam-nos a saber quais s\u00e3o as p\u00e1ginas mais e menos populares e a ver como os visitantes se movimentam no s\u00edtio.<\/p>\n<\/div><div class=\"fusion-text fusion-text-5\"><p><strong>Cookies funcionais:<\/strong> Estes cookies permitem que o s\u00edtio Web ofere\u00e7a uma melhor funcionalidade e personaliza\u00e7\u00e3o. Podem ser criados por n\u00f3s ou por fornecedores externos cujos servi\u00e7os adicion\u00e1mos \u00e0s nossas p\u00e1ginas.<\/p>\n<\/div><div class=\"fusion-text fusion-text-6\"><p><strong>Cookies de publicidade:<\/strong> Estes cookies podem ser colocados no nosso s\u00edtio pelos nossos parceiros de publicidade. Podem ser utilizados por estas empresas para criar um perfil dos teus interesses e mostrar-te an\u00fancios relevantes noutros sites.<\/p>\n<\/div><div class=\"fusion-text fusion-text-7\"><p><strong>Cookies de publicidade:<\/strong> Estes cookies podem ser colocados no nosso s\u00edtio pelos nossos parceiros de publicidade. Podem ser utilizados por estas empresas para criar um perfil dos teus interesses e mostrar-te an\u00fancios relevantes noutros sites.<\/p>\n<\/div><div class=\"fusion-text fusion-text-8\"><h5>Gerir e desativar cookies<\/h5>\n<p>Quando acedes ao nosso site pela primeira vez, aparece um pop-up que te informa sobre a utiliza\u00e7\u00e3o de cookies. Ao continuar a navegar, consente a instala\u00e7\u00e3o de cookies tal como descrito nesta pol\u00edtica.<\/p>\n<p>Podes configurar o teu browser para bloquear ou alertar-te para estes cookies, mas algumas partes do site n\u00e3o funcionar\u00e3o. Os diferentes navegadores oferecem diferentes m\u00e9todos para bloquear e apagar os cookies utilizados pelos s\u00edtios Web. Podes alterar as defini\u00e7\u00f5es do teu browser para bloquear\/eliminar os cookies. Segue-se uma hiperliga\u00e7\u00e3o para a documenta\u00e7\u00e3o de apoio sobre como gerir e eliminar cookies dos principais navegadores Web:<\/p>\n<ul>\n<li><a target=\"_new\" rel=\"noreferrer noopener\">Google Chrome<\/a><\/li>\n<li><a href=\"https:\/\/support.mozilla.org\/en-US\/kb\/enable-and-disable-cookies-website-preferences\" target=\"_new\" rel=\"noreferrer noopener\"><a href=\"https:\/\/support.mozilla.org\/en-US\/kb\/enable-and-disable-cookies-website-preferences\">Mozilla Firefox<\/a><\/a><\/li>\n<li><a href=\"https:\/\/support.apple.com\/guide\/safari\/manage-cookies-and-website-data-sfri11471\/mac\" target=\"_new\" rel=\"noreferrer noopener\"><a href=\"https:\/\/support.apple.com\/guide\/safari\/manage-cookies-and-website-data-sfri11471\/mac\">Safari<\/a><\/a><\/li>\n<li><a href=\"https:\/\/support.microsoft.com\/en-us\/microsoft-edge\/delete-cookies-in-microsoft-edge-63947406-0401-49b9-37d1-7f351b6b91f2\" target=\"_new\" rel=\"noreferrer noopener\"><a href=\"https:\/\/support.microsoft.com\/en-us\/microsoft-edge\/delete-cookies-in-microsoft-edge-63947406-0401-49b9-37d1-7f351b6b91f2\">Microsoft Edge<\/a><\/a><\/li>\n<\/ul>\n<\/div><div class=\"fusion-text fusion-text-9\"><h5>Altera\u00e7\u00f5es \u00e0 Pol\u00edtica de Cookies<\/h5>\n<p>VERDNATURA LEVANTE S.L. pode modificar esta pol\u00edtica de cookies a qualquer momento. Quaisquer altera\u00e7\u00f5es \u00e0 pol\u00edtica de cookies ser\u00e3o publicadas nesta p\u00e1gina e, se necess\u00e1rio, notificadas a ti atrav\u00e9s do nosso site. Aconselhamos-te a rever periodicamente esta pol\u00edtica de cookies para te manteres informado sobre a forma como utilizamos os cookies.<\/p>\n<\/div><div class=\"fusion-text fusion-text-10\"><h5>Contacto<\/h5>\n<p>Se tiveres alguma d\u00favida sobre esta pol\u00edtica de cookies, podes contactar-nos atrav\u00e9s do e-mail <a rel=\"noreferrer\">info@verdnatura.es.<\/a><\/p>\n<\/div><div class=\"fusion-text fusion-text-11\"><hr>\n<p>Esta pol\u00edtica de cookies est\u00e1 alinhada com a nossa Pol\u00edtica de Privacidade para garantir que todas as informa\u00e7\u00f5es pessoais s\u00e3o tratadas de forma segura e de acordo com a legisla\u00e7\u00e3o de prote\u00e7\u00e3o de dados em vigor. Para mais informa\u00e7\u00f5es, consulta a nossa <a href=\"https:\/\/verdnatura.es\/privacy-policy\/\" rel=\"noreferrer\">Pol\u00edtica de Privacidade<\/a>.<\/p>\n<\/div><\/div><\/div><\/div><\/div>\n","protected":false},"excerpt":{"rendered":"","protected":false},"author":7,"featured_media":0,"parent":0,"menu_order":0,"comment_status":"closed","ping_status":"closed","template":"","meta":{"_acf_changed":false,"footnotes":""},"class_list":["post-9840","page","type-page","status-publish","hentry"],"acf":[],"yoast_head":"<!-- This site is optimized with the Yoast SEO plugin v27.1.1 - https:\/\/yoast.com\/product\/yoast-seo-wordpress\/ -->\n<title>Pol\u00edtica de cookies - Verdnatura<\/title>\n<meta name=\"robots\" content=\"index, follow, max-snippet:-1, max-image-preview:large, max-video-preview:-1\" \/>\n<link rel=\"canonical\" href=\"https:\/\/verdnatura.es\/pt-pt\/politica-de-cookies\/\" \/>\n<meta property=\"og:locale\" content=\"pt_PT\" \/>\n<meta property=\"og:type\" content=\"article\" \/>\n<meta property=\"og:title\" content=\"Pol\u00edtica de cookies - Verdnatura\" \/>\n<meta property=\"og:url\" content=\"https:\/\/verdnatura.es\/pt-pt\/politica-de-cookies\/\" \/>\n<meta property=\"og:site_name\" content=\"Verdnatura\" \/>\n<meta property=\"article:publisher\" content=\"http:\/\/www.facebook.com\/verdnatura\" \/>\n<meta property=\"article:modified_time\" content=\"2024-07-10T06:41:36+00:00\" \/>\n<meta name=\"twitter:card\" content=\"summary_large_image\" \/>\n<meta name=\"twitter:label1\" content=\"Tempo estimado de leitura\" \/>\n\t<meta name=\"twitter:data1\" content=\"5 minutos\" \/>\n<script type=\"application\/ld+json\" class=\"yoast-schema-graph\">{\"@context\":\"https:\/\/schema.org\",\"@graph\":[{\"@type\":\"WebPage\",\"@id\":\"https:\/\/verdnatura.es\/pt-pt\/politica-de-cookies\/\",\"url\":\"https:\/\/verdnatura.es\/pt-pt\/politica-de-cookies\/\",\"name\":\"Pol\u00edtica de cookies - Verdnatura\",\"isPartOf\":{\"@id\":\"https:\/\/verdnatura.es\/pt-pt\/#website\"},\"datePublished\":\"2024-07-04T14:21:40+00:00\",\"dateModified\":\"2024-07-10T06:41:36+00:00\",\"breadcrumb\":{\"@id\":\"https:\/\/verdnatura.es\/pt-pt\/politica-de-cookies\/#breadcrumb\"},\"inLanguage\":\"pt-PT\",\"potentialAction\":[{\"@type\":\"ReadAction\",\"target\":[\"https:\/\/verdnatura.es\/pt-pt\/politica-de-cookies\/\"]}]},{\"@type\":\"BreadcrumbList\",\"@id\":\"https:\/\/verdnatura.es\/pt-pt\/politica-de-cookies\/#breadcrumb\",\"itemListElement\":[{\"@type\":\"ListItem\",\"position\":1,\"name\":\"Portada\",\"item\":\"https:\/\/verdnatura.es\/pt-pt\/\"},{\"@type\":\"ListItem\",\"position\":2,\"name\":\"Pol\u00edtica de cookies\"}]},{\"@type\":\"WebSite\",\"@id\":\"https:\/\/verdnatura.es\/pt-pt\/#website\",\"url\":\"https:\/\/verdnatura.es\/pt-pt\/\",\"name\":\"Verdnatura\",\"description\":\"Mayorista de flores y plantas\",\"publisher\":{\"@id\":\"https:\/\/verdnatura.es\/pt-pt\/#organization\"},\"potentialAction\":[{\"@type\":\"SearchAction\",\"target\":{\"@type\":\"EntryPoint\",\"urlTemplate\":\"https:\/\/verdnatura.es\/pt-pt\/?s={search_term_string}\"},\"query-input\":{\"@type\":\"PropertyValueSpecification\",\"valueRequired\":true,\"valueName\":\"search_term_string\"}}],\"inLanguage\":\"pt-PT\"},{\"@type\":\"Organization\",\"@id\":\"https:\/\/verdnatura.es\/pt-pt\/#organization\",\"name\":\"Verdnatura Levante SL\",\"url\":\"https:\/\/verdnatura.es\/pt-pt\/\",\"logo\":{\"@type\":\"ImageObject\",\"inLanguage\":\"pt-PT\",\"@id\":\"https:\/\/verdnatura.es\/pt-pt\/#\/schema\/logo\/image\/\",\"url\":\"https:\/\/verdnatura.es\/wp-content\/uploads\/2023\/12\/Marca-sin-fondo.png\",\"contentUrl\":\"https:\/\/verdnatura.es\/wp-content\/uploads\/2023\/12\/Marca-sin-fondo.png\",\"width\":1000,\"height\":630,\"caption\":\"Verdnatura Levante SL\"},\"image\":{\"@id\":\"https:\/\/verdnatura.es\/pt-pt\/#\/schema\/logo\/image\/\"},\"sameAs\":[\"http:\/\/www.facebook.com\/verdnatura\",\"https:\/\/www.instagram.com\/verdnatura\",\"https:\/\/www.linkedin.com\/company\/verdnatura\"]}]}<\/script>\n<!-- \/ Yoast SEO plugin. -->","yoast_head_json":{"title":"Pol\u00edtica de cookies - Verdnatura","robots":{"index":"index","follow":"follow","max-snippet":"max-snippet:-1","max-image-preview":"max-image-preview:large","max-video-preview":"max-video-preview:-1"},"canonical":"https:\/\/verdnatura.es\/pt-pt\/politica-de-cookies\/","og_locale":"pt_PT","og_type":"article","og_title":"Pol\u00edtica de cookies - Verdnatura","og_url":"https:\/\/verdnatura.es\/pt-pt\/politica-de-cookies\/","og_site_name":"Verdnatura","article_publisher":"http:\/\/www.facebook.com\/verdnatura","article_modified_time":"2024-07-10T06:41:36+00:00","twitter_card":"summary_large_image","twitter_misc":{"Tempo estimado de leitura":"5 minutos"},"schema":{"@context":"https:\/\/schema.org","@graph":[{"@type":"WebPage","@id":"https:\/\/verdnatura.es\/pt-pt\/politica-de-cookies\/","url":"https:\/\/verdnatura.es\/pt-pt\/politica-de-cookies\/","name":"Pol\u00edtica de cookies - Verdnatura","isPartOf":{"@id":"https:\/\/verdnatura.es\/pt-pt\/#website"},"datePublished":"2024-07-04T14:21:40+00:00","dateModified":"2024-07-10T06:41:36+00:00","breadcrumb":{"@id":"https:\/\/verdnatura.es\/pt-pt\/politica-de-cookies\/#breadcrumb"},"inLanguage":"pt-PT","potentialAction":[{"@type":"ReadAction","target":["https:\/\/verdnatura.es\/pt-pt\/politica-de-cookies\/"]}]},{"@type":"BreadcrumbList","@id":"https:\/\/verdnatura.es\/pt-pt\/politica-de-cookies\/#breadcrumb","itemListElement":[{"@type":"ListItem","position":1,"name":"Portada","item":"https:\/\/verdnatura.es\/pt-pt\/"},{"@type":"ListItem","position":2,"name":"Pol\u00edtica de cookies"}]},{"@type":"WebSite","@id":"https:\/\/verdnatura.es\/pt-pt\/#website","url":"https:\/\/verdnatura.es\/pt-pt\/","name":"Verdnatura","description":"Mayorista de flores y plantas","publisher":{"@id":"https:\/\/verdnatura.es\/pt-pt\/#organization"},"potentialAction":[{"@type":"SearchAction","target":{"@type":"EntryPoint","urlTemplate":"https:\/\/verdnatura.es\/pt-pt\/?s={search_term_string}"},"query-input":{"@type":"PropertyValueSpecification","valueRequired":true,"valueName":"search_term_string"}}],"inLanguage":"pt-PT"},{"@type":"Organization","@id":"https:\/\/verdnatura.es\/pt-pt\/#organization","name":"Verdnatura Levante SL","url":"https:\/\/verdnatura.es\/pt-pt\/","logo":{"@type":"ImageObject","inLanguage":"pt-PT","@id":"https:\/\/verdnatura.es\/pt-pt\/#\/schema\/logo\/image\/","url":"https:\/\/verdnatura.es\/wp-content\/uploads\/2023\/12\/Marca-sin-fondo.png","contentUrl":"https:\/\/verdnatura.es\/wp-content\/uploads\/2023\/12\/Marca-sin-fondo.png","width":1000,"height":630,"caption":"Verdnatura Levante SL"},"image":{"@id":"https:\/\/verdnatura.es\/pt-pt\/#\/schema\/logo\/image\/"},"sameAs":["http:\/\/www.facebook.com\/verdnatura","https:\/\/www.instagram.com\/verdnatura","https:\/\/www.linkedin.com\/company\/verdnatura"]}]}},"_links":{"self":[{"href":"https:\/\/verdnatura.es\/pt-pt\/wp-json\/wp\/v2\/pages\/9840","targetHints":{"allow":["GET"]}}],"collection":[{"href":"https:\/\/verdnatura.es\/pt-pt\/wp-json\/wp\/v2\/pages"}],"about":[{"href":"https:\/\/verdnatura.es\/pt-pt\/wp-json\/wp\/v2\/types\/page"}],"author":[{"embeddable":true,"href":"https:\/\/verdnatura.es\/pt-pt\/wp-json\/wp\/v2\/users\/7"}],"replies":[{"embeddable":true,"href":"https:\/\/verdnatura.es\/pt-pt\/wp-json\/wp\/v2\/comments?post=9840"}],"version-history":[{"count":2,"href":"https:\/\/verdnatura.es\/pt-pt\/wp-json\/wp\/v2\/pages\/9840\/revisions"}],"predecessor-version":[{"id":9842,"href":"https:\/\/verdnatura.es\/pt-pt\/wp-json\/wp\/v2\/pages\/9840\/revisions\/9842"}],"wp:attachment":[{"href":"https:\/\/verdnatura.es\/pt-pt\/wp-json\/wp\/v2\/media?parent=9840"}],"curies":[{"name":"wp","href":"https:\/\/api.w.org\/{rel}","templated":true}]}}